{"id":10456,"date":"2021-09-25T09:20:04","date_gmt":"2021-09-25T07:20:04","guid":{"rendered":"https:\/\/ideenwald-oekosystem.de\/?page_id=10456"},"modified":"2022-03-22T11:18:56","modified_gmt":"2022-03-22T10:18:56","slug":"produktpraesentation","status":"publish","type":"page","link":"https:\/\/ideenwald-oekosystem.de\/en\/produktpraesentation\/","title":{"rendered":"Produktpr\u00e4sentation"},"content":{"rendered":"<p>[et_pb_section fb_built=&#8220;1&#8243; _builder_version=&#8220;4.15&#8243; _module_preset=&#8220;default&#8220; global_colors_info=&#8220;{}&#8220;][et_pb_row _builder_version=&#8220;4.15&#8243; _module_preset=&#8220;default&#8220; global_colors_info=&#8220;{}&#8220;][et_pb_column type=&#8220;4_4&#8243; _builder_version=&#8220;4.15&#8243; _module_preset=&#8220;default&#8220; global_colors_info=&#8220;{}&#8220;][et_pb_blurb title=&#8220;Produktpr\u00e4sentation: Schaltet eure Anzeige&#8220; icon_placement=&#8220;left&#8220; content_max_width=&#8220;100%&#8220; _builder_version=&#8220;4.15.1&#8243; _module_preset=&#8220;default&#8220; header_level=&#8220;h2&#8243; header_font=&#8220;|700|||||||&#8220; hover_enabled=&#8220;0&#8243; global_colors_info=&#8220;{}&#8220; sticky_enabled=&#8220;0&#8243;]<\/p>\n<p>Willkommen bei unserer Anzeigenannahme, bei dir euch auf eure Produktpr\u00e4sentation konzentrieren k\u00f6nnt. Hier k\u00f6nnt ihr Anzeigen schalten, wenn ihr im IDEENWALD Leistungen sucht oder anbieten m\u00f6chtet.<\/p>\n<p>[\/et_pb_blurb][et_pb_blurb title=&#8220;Anzeigen &#8212; einige Tipps und Hinweise&#8220; use_icon=&#8220;on&#8220; font_icon=&#8220;&#x3d;||divi||400&#8243; icon_placement=&#8220;left&#8220; content_max_width=&#8220;100%&#8220; _builder_version=&#8220;4.15.1&#8243; _module_preset=&#8220;default&#8220; global_colors_info=&#8220;{}&#8220;]<\/p>\n<p>Hier k\u00f6nnt ihr den Text eurer Anzeige eingeben. Sie wird nach kurzer Pr\u00fcfung auf dem Schwarzen Brett f\u00fcr registrierte Benutzer*innen im IDEENWALD ver\u00f6ffentlicht.<\/p>\n<ul>\n<li>Auf dem <strong>Schwarzen Brett<\/strong> erscheint nur die <strong>\u00dcberschrift<\/strong> eurer Anzeige sowie die <strong>Zusammenfassung<\/strong> (max. 100 Zeichen) mit einem Link zu der gesamten Anzeige. W\u00e4hlt also einen besonders aussagekr\u00e4ftigen Titel und fasst euren Wunsch\/euer Angebot plakativ zusammen, um Aufmerksamkeit f\u00fcr eure Anzeige zu generieren.<\/li>\n<li>Im Bereich <strong>Anzeigentext<\/strong> k\u00f6nnt ihr (mit 1.000 Zeichen) ausformulieren, worauf es euch besonders ankommt.<\/li>\n<li>Gebt dann noch eine <strong>Kontaktm\u00f6glichkeit<\/strong> an, wie ihr von Interessierten erreicht werden m\u00f6chtet. Hier k\u00f6nnt ihr frei w\u00e4hlen, welche Art des Kontaktes ihr angeben m\u00f6chtet. Es kann ein Social Media Link z.B. auf einen LinkedIn-Account sein oder jede andere M\u00f6glichkeit, mit eurem Gegen\u00fcber zu kommunizieren. Bitte beachtet: Alle registrierten Nutzer*innen im IDEENWALD k\u00f6nnen diesen Eintrag lesen und haben damit eure hier ver\u00f6ffentlichten Kontaktdaten.<\/li>\n<\/ul>\n<p>[\/et_pb_blurb][et_pb_code raw_content_last_edited=&#8220;off|desktop&#8220; admin_label=&#8220;Code&#8220; _builder_version=&#8220;4.15.1&#8243; _module_preset=&#8220;default&#8220; width=&#8220;100%&#8220; max_width=&#8220;101%&#8220; global_colors_info=&#8220;{}&#8220;]\n            <form class=\"wpuf-form-add wpuf-form-layout1 wpuf-theme-style\" action=\"\" method=\"post\">\n\n                \n                <script type=\"text\/javascript\">\n                    if ( typeof wpuf_conditional_items === 'undefined' ) {\n                        wpuf_conditional_items = [];\n                    }\n\n                    if ( typeof wpuf_plupload_items === 'undefined' ) {\n                        wpuf_plupload_items = [];\n                    }\n\n                    if ( typeof wpuf_map_items === 'undefined' ) {\n                        wpuf_map_items = [];\n                    }\n                <\/script>\n\n                <ul class=\"wpuf-form form-label-left\">\n\n                            <li class=\"wpuf-el post_title field-size-large\" data-label=\"Post Title\">\n                    <div class=\"wpuf-label\">\n            <label for=\"post_title_10562\">\n                Post Title <span class=\"required\">*<\/span>            <\/label>\n        <\/div>\n        \n            <div class=\"wpuf-fields\">\n                <input\n                    class=\"textfield wpuf_post_title_10562\"\n                    id=\"post_title_10562\"\n                    type=\"text\"\n                    data-duplicate=\"\"\n                    data-required=\"yes\"\n                    data-type=\"text\" name=\"post_title\"\n                    placeholder=\"Mein Produkt\"\n                    value=\"\"\n                    size=\"40\"\n                \/>\n\n                <span class=\"wpuf-wordlimit-message wpuf-help\"><\/span>\n                        <span class=\"wpuf-help\">Gib hier den Namen deines Produktes ein. Er erscheint als Kopfzeile im PopUp-Store<\/span>\n                    <\/div>\n                    <\/li>\n        \n            <li class=\"wpuf-el tagline field-size-large\" data-label=\"tagline\">\n\n                    <div class=\"wpuf-label\">\n            <label for=\"tagline_10562\">\n                tagline            <\/label>\n        <\/div>\n        \n            <div class=\"wpuf-fields\">\n                <input\n                    class=\"textfield wpuf_tagline_10562\"\n                    id=\"tagline_10562\"\n                    type=\"text\"\n                    data-required=\"no\"\n                    data-type=\"text\" name=\"tagline\"\n                    placeholder=\"May the force be with you\"\n                    value=\"\"\n                    size=\"40\"\n                \/>\n\n                <span class=\"wpuf-wordlimit-message wpuf-help\"><\/span>\n                        <span class=\"wpuf-help\">Gib deinen Slogen ein<\/span>\n                    <\/div>\n\n            \n        <\/li>\n\n                <\/li>\n            \n            <li class=\"wpuf-el featured_image field-size-large\" data-label=\"Featured Image\">\n\n                    <div class=\"wpuf-label\">\n            <label for=\"featured_image_10562\">\n                Featured Image <span class=\"required\">*<\/span>            <\/label>\n        <\/div>\n        \n        <div class=\"wpuf-fields\">\n            <div id=\"wpuf-featured_image-10562-upload-container\">\n                <div class=\"wpuf-attachment-upload-filelist\" data-type=\"file\" data-required=\"yes\">\n                    <a id=\"wpuf-featured_image-10562-pickfiles\" data-form_id=\"10562\" class=\"button file-selector  wpuf_featured_image_10562\" href=\"#\">Dein Produktbild  <\/a>\n\n                    <ul class=\"wpuf-attachment-list thumbnails\">\n\n                        \n                    <\/ul>\n                <\/div>\n            <\/div><!-- .container -->\n\n                    <span class=\"wpuf-help\">- erscheint als Titelbild im PopUp-Store und als Overlay beim Video. (max. 1024 kb)<\/span>\n        \n        <\/div> <!-- .wpuf-fields -->\n\n        <script type=\"text\/javascript\">\n            ;(function($) {\n                $(document).ready( function(){\n                    var uploader = new WPUF_Uploader('wpuf-featured_image-10562-pickfiles', 'wpuf-featured_image-10562-upload-container', 1, 'featured_image', 'jpg,jpeg,gif,png,bmp,webp', 1024);\n                    wpuf_plupload_items.push(uploader);\n                });\n            })(jQuery);\n        <\/script>\n\n                <\/li>\n            \n            <li class=\"wpuf-el product_specification field-size-large\" data-label=\"Produktbeschreibung\">\n\n                    <div class=\"wpuf-label\">\n            <label for=\"product_specification_10562\">\n                Produktbeschreibung <span class=\"required\">*<\/span>            <\/label>\n        <\/div>\n        \n                            <div class=\"wpuf-fields wpuf-rich-validation wpuf_product_specification_10562\" data-type=\"rich\" data-required=\"yes\" data-id=\"product_specification_10562\" data-name=\"product_specification\">\n            \n                <div id=\"wp-product_specification_10562-wrap\" class=\"wp-core-ui wp-editor-wrap tmce-active\"><link rel='stylesheet' id='dashicons-css' href='https:\/\/ideenwald-oekosystem.de\/wp-includes\/css\/dashicons.min.css?ver=6.9.4' type='text\/css' media='all' \/>\n<link rel='stylesheet' id='editor-buttons-css' href='https:\/\/ideenwald-oekosystem.de\/wp-includes\/css\/editor.min.css?ver=6.9.4' type='text\/css' media='all' \/>\n<div id=\"wp-product_specification_10562-editor-container\" class=\"wp-editor-container\"><textarea class=\"required wp-editor-area\" rows=\"5\" autocomplete=\"off\" cols=\"40\" name=\"product_specification\" id=\"product_specification_10562\"><\/textarea><\/div>\n<\/div>\n\n                <span class=\"wpuf-wordlimit-message\"><\/span>\n                         <span class=\"wpuf-help\">Beschreibe dein Produkt mit maximal 1.000 Zeichen. Formatierungen werden \u00fcbernommen.<\/span>\n                <script type=\"text\/javascript\">\n            ;(function($) {\n                $(document).ready( function(){\n                    WP_User_Frontend.editorLimit.bind(1000, \"product_specification_10562\", \"yes\", \"character\", \"max\");\n                });\n            })(jQuery);\n        <\/script>\n        \n                 <\/li>\n            \n            <li class=\"wpuf-el product_images field-size-large\" data-label=\"Produktbilder\">\n\n                    <div class=\"wpuf-label\">\n            <label for=\"product_images_10562\">\n                Produktbilder            <\/label>\n        <\/div>\n        \n            <div class=\"wpuf-fields\">\n                <div id=\"wpuf-product_images-10562-upload-container\">\n                    <div class=\"wpuf-attachment-upload-filelist\" data-type=\"file\" data-required=\"no\">\n                        <a id=\"wpuf-product_images-10562-pickfiles\" data-form_id=\"10562\" class=\"button file-selector  wpuf_product_images_10562\" href=\"#\">Bilder hochladen<\/a>\n\n                        <ul class=\"wpuf-attachment-list thumbnails\">\n\n                                                    <\/ul>\n                    <\/div>\n                <\/div><!-- .container -->\n\n                        <span class=\"wpuf-help\">Lade bis max. 6 ausdrucksstarke Bilder deines Produktes hoch.  (max. 1024 kb pro Bild)<\/span>\n        \n            <\/div> <!-- .wpuf-fields -->\n\n            <script type=\"text\/javascript\">\n                (function($) {\n                    $(document).ready( function(){\n                        var uploader = new WPUF_Uploader('wpuf-product_images-10562-pickfiles', 'wpuf-product_images-10562-upload-container', 6, 'product_images', 'jpg,jpeg,gif,png,bmp,webp', 1024);\n                        wpuf_plupload_items.push(uploader);\n                    });\n                })(jQuery);\n            <\/script>\n\n\n                <\/li>\n            \n            <li class=\"wpuf-el video_URL field-size-large\" data-label=\"Produktvideo\">\n\n                    <div class=\"wpuf-label\">\n            <label for=\"video_URL_10562\">\n                Produktvideo <span class=\"required\">*<\/span>            <\/label>\n        <\/div>\n                    <div class=\"wpuf-fields\">\n                <input\n                    id=\"video_URL_10562\"\n                    type=\"url\" pattern=\"^(http:\\\/\\\/www\\.|https:\\\/\\\/www\\.|http:\\\/\\\/|https:\\\/\\\/)?[a-z0-9]+([\\-\\.]{1}[a-z0-9]+)*\\.[a-z]{2,20}(:[0-9]{1,20})?(\\\/.*)?$\" class=\"url  wpuf_video_URL_10562\"\n                    data-required=\"yes\"\n                    data-type=\"url\"\n                    name=\"video_URL\"\n                    placeholder=\"youtube etc.\"\n                    value=\"\" size=\"40\"\n                    autocomplete=\"url\"\n                    oninvalid=\"this.setCustomValidity('Please enter website with https:\/\/')\"\n                    oninput=\"this.setCustomValidity('')\"\n                \/>\n                        <span class=\"wpuf-help\">Gib hier die URL zu deinem Produktvideo ein.<\/span>\n                    <\/div>\n\n                <\/li>\n            \n            <li class=\"wpuf-el store_contact field-size-large\" data-label=\"Kontakt\">\n\n                    <div class=\"wpuf-label\">\n            <label for=\"store_contact_10562\">\n                Kontakt            <\/label>\n        <\/div>\n        \n            <div class=\"wpuf-fields\">\n                <input\n                    class=\"textfield wpuf_store_contact_10562\"\n                    id=\"store_contact_10562\"\n                    type=\"text\"\n                    data-required=\"no\"\n                    data-type=\"text\" name=\"store_contact\"\n                    placeholder=\"LinkedIn, Facebook etc. oder Crowdfunding-Kampagne .\"\n                    value=\"\"\n                    size=\"40\"\n                \/>\n\n                <span class=\"wpuf-wordlimit-message wpuf-help\"><\/span>\n                        <span class=\"wpuf-help\">Gib eine URL an \u00fcber die du kontaktiert werden m\u00f6chtest. ACHTUNG! Hier bitte  keine E-Mail Adresse angeben.<\/span>\n                    <\/div>\n\n            \n        <\/li>\n\n                <\/li>\n            \n        <li class=\"wpuf-submit\">\n            <div class=\"wpuf-label\">\n                &nbsp;\n            <\/div>\n\n            <input type=\"hidden\" id=\"_wpnonce\" name=\"_wpnonce\" value=\"6995823482\" \/><input type=\"hidden\" name=\"_wp_http_referer\" value=\"\/en\/wp-json\/wp\/v2\/pages\/10456\" \/>            <input type=\"hidden\" name=\"form_id\" value=\"10562\">\n            <input type=\"hidden\" name=\"page_id\" value=\"10456\">\n            <input type=\"hidden\" id=\"del_attach\" name=\"delete_attachments[]\">\n            <input type=\"hidden\" name=\"action\" value=\"wpuf_submit_post\">\n\n            \n                            <input type=\"submit\" class=\"wpuf-submit-button wpuf_submit_10562\" name=\"submit\" value=\"In den PopUp-Store einstellen.\" \/>\n            \n                            <a href=\"#\" class=\"btn\" style=\"margin-left: 0.5rem;\" id=\"wpuf-post-draft\">Save Draft<\/a>\n                    <\/li>\n\n        \n                <\/ul>\n\n            <\/form>\n\n            <!-- [et_pb_line_break_holder] --><!-- [et_pb_line_break_holder] --><\/p>\n<style><!-- [et_pb_line_break_holder] -->  input.text, input.title, input[type=text], select, textarea {<!-- [et_pb_line_break_holder] -->    width:100%;<!-- [et_pb_line_break_holder] -->  }<!-- [et_pb_line_break_holder] --><\/style>\n<p>[\/et_pb_code][et_pb_blog fullwidth=&#8220;off&#8220; include_categories=&#8220;80&#8243; _builder_version=&#8220;4.15&#8243; _module_preset=&#8220;default&#8220; global_colors_info=&#8220;{}&#8220;][\/et_pb_blog][\/et_pb_column][\/et_pb_row][\/et_pb_section]<\/p>\n","protected":false},"excerpt":{"rendered":"<p>Willkommen bei unserer Anzeigenannahme, bei dir euch auf eure Produktpr\u00e4sentation konzentrieren k\u00f6nnt. Hier k\u00f6nnt ihr Anzeigen schalten, wenn ihr im IDEENWALD Leistungen sucht oder anbieten m\u00f6chtet.Hier k\u00f6nnt ihr den Text [&hellip;]<\/p>\n","protected":false},"author":3,"featured_media":0,"parent":0,"menu_order":0,"comment_status":"closed","ping_status":"closed","template":"","meta":{"_et_pb_use_builder":"on","_et_pb_old_content":"","_et_gb_content_width":"","footnotes":""},"class_list":["post-10456","page","type-page","status-publish","hentry"],"yoast_head":"<!-- This site is optimized with the Yoast SEO plugin v27.3 - https:\/\/yoast.com\/product\/yoast-seo-wordpress\/ -->\n<title>Produktpr\u00e4sentation - IDEENWALD<\/title>\n<meta name=\"description\" content=\"Hier k\u00f6nnt ihr euch auf eure Produktpr\u00e4sentation konzentrieren und Anzeigen schalten, wenn ihr Leistungen sucht oder anbieten m\u00f6chtet.\" \/>\n<meta name=\"robots\" content=\"index, follow, max-snippet:-1, max-image-preview:large, max-video-preview:-1\" \/>\n<link rel=\"canonical\" href=\"https:\/\/ideenwald-oekosystem.de\/en\/produktpraesentation\/\" \/>\n<meta property=\"og:locale\" content=\"en_US\" \/>\n<meta property=\"og:type\" content=\"article\" \/>\n<meta property=\"og:title\" content=\"Produktpr\u00e4sentation - IDEENWALD\" \/>\n<meta property=\"og:description\" content=\"Hier k\u00f6nnt ihr euch auf eure Produktpr\u00e4sentation konzentrieren und Anzeigen schalten, wenn ihr Leistungen sucht oder anbieten m\u00f6chtet.\" \/>\n<meta property=\"og:url\" content=\"https:\/\/ideenwald-oekosystem.de\/en\/produktpraesentation\/\" \/>\n<meta property=\"og:site_name\" content=\"IDEENWALD\" \/>\n<meta property=\"article:modified_time\" content=\"2022-03-22T10:18:56+00:00\" \/>\n<meta name=\"twitter:card\" content=\"summary_large_image\" \/>\n<meta name=\"twitter:label1\" content=\"Est. reading time\" \/>\n\t<meta name=\"twitter:data1\" content=\"2 minutes\" \/>\n<script type=\"application\/ld+json\" class=\"yoast-schema-graph\">{\"@context\":\"https:\\\/\\\/schema.org\",\"@graph\":[{\"@type\":\"WebPage\",\"@id\":\"https:\\\/\\\/ideenwald-oekosystem.de\\\/produktpraesentation\\\/\",\"url\":\"https:\\\/\\\/ideenwald-oekosystem.de\\\/produktpraesentation\\\/\",\"name\":\"Produktpr\u00e4sentation - IDEENWALD\",\"isPartOf\":{\"@id\":\"https:\\\/\\\/ideenwald-oekosystem.de\\\/#website\"},\"datePublished\":\"2021-09-25T07:20:04+00:00\",\"dateModified\":\"2022-03-22T10:18:56+00:00\",\"description\":\"Hier k\u00f6nnt ihr euch auf eure Produktpr\u00e4sentation konzentrieren und Anzeigen schalten, wenn ihr Leistungen sucht oder anbieten m\u00f6chtet.\",\"breadcrumb\":{\"@id\":\"https:\\\/\\\/ideenwald-oekosystem.de\\\/produktpraesentation\\\/#breadcrumb\"},\"inLanguage\":\"en-US\",\"potentialAction\":[{\"@type\":\"ReadAction\",\"target\":[\"https:\\\/\\\/ideenwald-oekosystem.de\\\/produktpraesentation\\\/\"]}]},{\"@type\":\"BreadcrumbList\",\"@id\":\"https:\\\/\\\/ideenwald-oekosystem.de\\\/produktpraesentation\\\/#breadcrumb\",\"itemListElement\":[{\"@type\":\"ListItem\",\"position\":1,\"name\":\"Startseite\",\"item\":\"https:\\\/\\\/ideenwald-oekosystem.de\\\/\"},{\"@type\":\"ListItem\",\"position\":2,\"name\":\"Produktpr\u00e4sentation\"}]},{\"@type\":\"WebSite\",\"@id\":\"https:\\\/\\\/ideenwald-oekosystem.de\\\/#website\",\"url\":\"https:\\\/\\\/ideenwald-oekosystem.de\\\/\",\"name\":\"IDEENWALD\",\"description\":\"Eine Welt f\u00fcr Gr\u00fcnder*innen, Zukunftsgestalter*innen und kreative K\u00f6pfe\",\"potentialAction\":[{\"@type\":\"SearchAction\",\"target\":{\"@type\":\"EntryPoint\",\"urlTemplate\":\"https:\\\/\\\/ideenwald-oekosystem.de\\\/?s={search_term_string}\"},\"query-input\":{\"@type\":\"PropertyValueSpecification\",\"valueRequired\":true,\"valueName\":\"search_term_string\"}}],\"inLanguage\":\"en-US\"}]}<\/script>\n<!-- \/ Yoast SEO plugin. -->","yoast_head_json":{"title":"Produktpr\u00e4sentation - IDEENWALD","description":"Hier k\u00f6nnt ihr euch auf eure Produktpr\u00e4sentation konzentrieren und Anzeigen schalten, wenn ihr Leistungen sucht oder anbieten m\u00f6chtet.","robots":{"index":"index","follow":"follow","max-snippet":"max-snippet:-1","max-image-preview":"max-image-preview:large","max-video-preview":"max-video-preview:-1"},"canonical":"https:\/\/ideenwald-oekosystem.de\/en\/produktpraesentation\/","og_locale":"en_US","og_type":"article","og_title":"Produktpr\u00e4sentation - IDEENWALD","og_description":"Hier k\u00f6nnt ihr euch auf eure Produktpr\u00e4sentation konzentrieren und Anzeigen schalten, wenn ihr Leistungen sucht oder anbieten m\u00f6chtet.","og_url":"https:\/\/ideenwald-oekosystem.de\/en\/produktpraesentation\/","og_site_name":"IDEENWALD","article_modified_time":"2022-03-22T10:18:56+00:00","twitter_card":"summary_large_image","twitter_misc":{"Est. reading time":"2 minutes"},"schema":{"@context":"https:\/\/schema.org","@graph":[{"@type":"WebPage","@id":"https:\/\/ideenwald-oekosystem.de\/produktpraesentation\/","url":"https:\/\/ideenwald-oekosystem.de\/produktpraesentation\/","name":"Produktpr\u00e4sentation - IDEENWALD","isPartOf":{"@id":"https:\/\/ideenwald-oekosystem.de\/#website"},"datePublished":"2021-09-25T07:20:04+00:00","dateModified":"2022-03-22T10:18:56+00:00","description":"Hier k\u00f6nnt ihr euch auf eure Produktpr\u00e4sentation konzentrieren und Anzeigen schalten, wenn ihr Leistungen sucht oder anbieten m\u00f6chtet.","breadcrumb":{"@id":"https:\/\/ideenwald-oekosystem.de\/produktpraesentation\/#breadcrumb"},"inLanguage":"en-US","potentialAction":[{"@type":"ReadAction","target":["https:\/\/ideenwald-oekosystem.de\/produktpraesentation\/"]}]},{"@type":"BreadcrumbList","@id":"https:\/\/ideenwald-oekosystem.de\/produktpraesentation\/#breadcrumb","itemListElement":[{"@type":"ListItem","position":1,"name":"Startseite","item":"https:\/\/ideenwald-oekosystem.de\/"},{"@type":"ListItem","position":2,"name":"Produktpr\u00e4sentation"}]},{"@type":"WebSite","@id":"https:\/\/ideenwald-oekosystem.de\/#website","url":"https:\/\/ideenwald-oekosystem.de\/","name":"IDEENWALD","description":"Eine Welt f\u00fcr Gr\u00fcnder*innen, Zukunftsgestalter*innen und kreative K\u00f6pfe","potentialAction":[{"@type":"SearchAction","target":{"@type":"EntryPoint","urlTemplate":"https:\/\/ideenwald-oekosystem.de\/?s={search_term_string}"},"query-input":{"@type":"PropertyValueSpecification","valueRequired":true,"valueName":"search_term_string"}}],"inLanguage":"en-US"}]}},"_links":{"self":[{"href":"https:\/\/ideenwald-oekosystem.de\/en\/wp-json\/wp\/v2\/pages\/10456","targetHints":{"allow":["GET"]}}],"collection":[{"href":"https:\/\/ideenwald-oekosystem.de\/en\/wp-json\/wp\/v2\/pages"}],"about":[{"href":"https:\/\/ideenwald-oekosystem.de\/en\/wp-json\/wp\/v2\/types\/page"}],"author":[{"embeddable":true,"href":"https:\/\/ideenwald-oekosystem.de\/en\/wp-json\/wp\/v2\/users\/3"}],"replies":[{"embeddable":true,"href":"https:\/\/ideenwald-oekosystem.de\/en\/wp-json\/wp\/v2\/comments?post=10456"}],"version-history":[{"count":10,"href":"https:\/\/ideenwald-oekosystem.de\/en\/wp-json\/wp\/v2\/pages\/10456\/revisions"}],"predecessor-version":[{"id":255184,"href":"https:\/\/ideenwald-oekosystem.de\/en\/wp-json\/wp\/v2\/pages\/10456\/revisions\/255184"}],"wp:attachment":[{"href":"https:\/\/ideenwald-oekosystem.de\/en\/wp-json\/wp\/v2\/media?parent=10456"}],"curies":[{"name":"wp","href":"https:\/\/api.w.org\/{rel}","templated":true}]}}