{"id":2302,"date":"2020-11-12T12:55:33","date_gmt":"2020-11-12T11:55:33","guid":{"rendered":"https:\/\/ideenwald-oekosystem.de\/?page_id=2302"},"modified":"2023-08-22T13:17:42","modified_gmt":"2023-08-22T11:17:42","slug":"meet-make","status":"publish","type":"page","link":"https:\/\/ideenwald-oekosystem.de\/en\/vernetzen\/meet-make\/","title":{"rendered":"Meet &#038; Make"},"content":{"rendered":"<p>[et_pb_section fb_built=&#8220;1&#8243; fullwidth=&#8220;on&#8220; _builder_version=&#8220;4.16&#8243; _module_preset=&#8220;default&#8220; global_colors_info=&#8220;{}&#8220;][et_pb_fullwidth_header title=&#8220;Meet &#038; Make&#8220; text_orientation=&#8220;center&#8220; background_overlay_color=&#8220;rgba(0,0,0,0)&#8220; content_max_width=&#8220;460px&#8220; content_max_width_tablet=&#8220;100%&#8220; content_max_width_phone=&#8220;100%&#8220; content_max_width_last_edited=&#8220;on|tablet&#8220; _builder_version=&#8220;4.18.0&#8243; _module_preset=&#8220;default&#8220; title_level=&#8220;h4&#8243; title_font=&#8220;|800||||on|||&#8220; title_text_align=&#8220;center&#8220; title_text_color=&#8220;#000000&#8243; title_font_size=&#8220;60px&#8220; content_font=&#8220;||||||||&#8220; content_text_color=&#8220;#000000&#8243; content_font_size=&#8220;17px&#8220; content_line_height=&#8220;1.9em&#8220; subhead_font=&#8220;|800|||||||&#8220; subhead_text_align=&#8220;center&#8220; subhead_text_color=&#8220;#000000&#8243; subhead_font_size=&#8220;36px&#8220; subhead_line_height=&#8220;1.2em&#8220; content_link_font=&#8220;|600|||on||||&#8220; content_link_text_color=&#8220;#000000&#8243; background_enable_color=&#8220;off&#8220; background_image=&#8220;https:\/\/ideenwald-oekosystem.de\/wp-content\/uploads\/2022\/04\/titelbild-messenger.png&#8220; background_size=&#8220;contain&#8220; custom_button_one=&#8220;on&#8220; button_one_text_size=&#8220;14px&#8220; button_one_text_color=&#8220;#ffffff&#8220; button_one_bg_color=&#8220;#368cc1&#8243; button_one_bg_color_gradient_direction=&#8220;90deg&#8220; button_one_bg_color_gradient_stops=&#8220;#d883f8 0%|#352DBE 100%&#8220; button_one_bg_color_gradient_start=&#8220;#d883f8&#8243; button_one_bg_color_gradient_end=&#8220;#352DBE&#8220; button_one_border_width=&#8220;10px&#8220; button_one_border_color=&#8220;rgba(0,0,0,0)&#8220; button_one_border_radius=&#8220;100px&#8220; button_one_letter_spacing=&#8220;3px&#8220; button_one_font=&#8220;|700||on|||||&#8220; custom_button_two=&#8220;on&#8220; button_two_text_size=&#8220;14px&#8220; button_two_text_color=&#8220;#ffffff&#8220; button_two_bg_color=&#8220;#06c8ff&#8220; button_two_border_width=&#8220;10px&#8220; button_two_border_color=&#8220;rgba(0,0,0,0)&#8220; button_two_border_radius=&#8220;100px&#8220; button_two_letter_spacing=&#8220;3px&#8220; button_two_font=&#8220;Roboto|700||on|||||&#8220; background_layout=&#8220;light&#8220; height=&#8220;350px&#8220; height_tablet=&#8220;350px&#8220; height_phone=&#8220;350px&#8220; height_last_edited=&#8220;on|phone&#8220; custom_margin=&#8220;||||false&#8220; custom_padding=&#8220;5vw|0px|5vw|0px|true|true&#8220; custom_padding_tablet=&#8220;5vw|0px|5vw|0px|true|true&#8220; custom_padding_phone=&#8220;0vw||0vw||true|true&#8220; custom_padding_last_edited=&#8220;on|phone&#8220; title_font_size_tablet=&#8220;37px&#8220; title_font_size_phone=&#8220;20px&#8220; title_font_size_last_edited=&#8220;on|desktop&#8220; subhead_font_size_tablet=&#8220;16px&#8220; subhead_font_size_phone=&#8220;10px&#8220; subhead_font_size_last_edited=&#8220;on|desktop&#8220; background_color_phone=&#8220;rgba(255,255,255,0.3)&#8220; background_last_edited=&#8220;off|desktop&#8220; background_enable_color_phone=&#8220;on&#8220; background_image_tablet=&#8220;https:\/\/ideenwald-oekosystem.de\/wp-content\/uploads\/2021\/05\/header-res.png&#8220; background_enable_image_tablet=&#8220;on&#8220; parallax_tablet=&#8220;on&#8220; background_size_tablet=&#8220;contain&#8220; content_text_shadow_style=&#8220;preset3&#8243; locked=&#8220;off&#8220; global_colors_info=&#8220;{}&#8220; button_one_text_color__hover=&#8220;#ffffff&#8220; button_one_text_color__hover_enabled=&#8220;on&#8220; button_one_letter_spacing__hover=&#8220;3px&#8220; button_one_letter_spacing__hover_enabled=&#8220;on&#8220; button_two_text_color__hover=&#8220;#ffffff&#8220; button_two_text_color__hover_enabled=&#8220;on&#8220; button_two_letter_spacing__hover=&#8220;3px&#8220; button_two_letter_spacing__hover_enabled=&#8220;on&#8220;][\/et_pb_fullwidth_header][\/et_pb_section][et_pb_section fb_built=&#8220;1&#8243; _builder_version=&#8220;4.16&#8243; _module_preset=&#8220;default&#8220; custom_padding=&#8220;32px||32px||true|false&#8220; global_colors_info=&#8220;{}&#8220;][et_pb_row _builder_version=&#8220;4.16&#8243; _module_preset=&#8220;default&#8220; custom_margin=&#8220;0px||0px||true|false&#8220; custom_padding=&#8220;0px||0px||true|false&#8220; global_colors_info=&#8220;{}&#8220;][et_pb_column type=&#8220;4_4&#8243; _builder_version=&#8220;4.16&#8243; _module_preset=&#8220;default&#8220; global_colors_info=&#8220;{}&#8220;][et_pb_text _builder_version=&#8220;4.18.0&#8243; _module_preset=&#8220;default&#8220; min_height_tablet=&#8220;&#8220; min_height_phone=&#8220;&#8220; min_height_last_edited=&#8220;on|desktop&#8220; height_tablet=&#8220;&#8220; height_phone=&#8220;&#8220; height_last_edited=&#8220;on|phone&#8220; max_height_tablet=&#8220;&#8220; max_height_phone=&#8220;&#8220; max_height_last_edited=&#8220;on|desktop&#8220; custom_margin=&#8220;0px||0px||true|false&#8220; custom_padding=&#8220;0px||0px||true|&#8220; link_option_url_new_window=&#8220;on&#8220; global_colors_info=&#8220;{}&#8220; max_height__hover_enabled=&#8220;on|desktop&#8220;]<\/p>\n<p>Werdet Teil des IDEENWALDS und kommt in unsere <strong>Meet &amp; Make<\/strong>-Gruppe, denn digitale Zusammenarbeit erfordert eine schnelle Kommunikation untereinander. Daf\u00fcr nutzen wir den Messenger-Dienst <strong>Threema Work<\/strong>. Um eine kostenlose Lizenz von uns anzufordern, meldet euch bitte \u00fcber das Kontaktformular weiter unten bei uns.<\/p>\n<p>Nutzt den Dienst, um schnell und direkt mit uns und euren Mitstreiter*innen zu kommunizieren. Vernetzt euch einfach untereinander und tauscht euch mit anderen IDEENWALD-Bewohner*innen aus. Ihr werdet sehen: Je vielf\u00e4ltiger eure Kontakte, desto wertvoller werden die Hinweise, die ihr zu euren Ideen und Gedanken bekommt.<\/p>\n<p>Wir haben uns f\u00fcr den Messenger <a href=\"https:\/\/threema.ch\/de\/work\/sicherheit\" target=\"_blank\" rel=\"noopener\">Threema Work<\/a> entschieden, weil dieser besonderen Wert auf Datenschutz und Sicherheit legt. Ihr m\u00fcsst anderen Nutzer*innen weder eure Telefonnummer oder E-Mail-Adresse noch sonstige Daten verraten, um mit ihnen kommunizieren zu k\u00f6nnen. Selbstverst\u00e4ndlich sind Text- und Sprachnachrichten, aber auch Anrufe, Medien und Statusmeldungen Ende-zu-Ende-verschl\u00fcsselt.<\/p>\n<p>[\/et_pb_text][et_pb_divider show_divider=&#8220;off&#8220; _builder_version=&#8220;4.18.0&#8243; _module_preset=&#8220;default&#8220; global_colors_info=&#8220;{}&#8220;][\/et_pb_divider][et_pb_divider _builder_version=&#8220;4.18.0&#8243; _module_preset=&#8220;default&#8220; global_colors_info=&#8220;{}&#8220;][\/et_pb_divider][et_pb_contact_form email=&#8220;moeller@gruendungsbuero.info&#8220; custom_message=&#8220;Bitte eine kostenfreie Lizenz f\u00fcr Threema Work an %%Name%% per Mail an %%Email%% senden.||et_pb_line_break_holder||%%Datenschutz%%&#8220; _builder_version=&#8220;4.19.4&#8243; _module_preset=&#8220;default&#8220; _unique_id=&#8220;c25e1556-c4f4-4036-8fe8-6524f9ce225b&#8220; form_field_background_color=&#8220;#FFD926&#8243; form_field_focus_text_color=&#8220;#000000&#8243; border_width_all=&#8220;1px&#8220; global_colors_info=&#8220;{}&#8220;][et_pb_contact_field field_id=&#8220;Name&#8220; field_title=&#8220;Vor- und Nachname&#8220; _builder_version=&#8220;4.18.0&#8243; global_colors_info=&#8220;{}&#8220; button_text_size__hover_enabled=&#8220;off&#8220; button_one_text_size__hover_enabled=&#8220;off&#8220; button_two_text_size__hover_enabled=&#8220;off&#8220; button_text_color__hover_enabled=&#8220;off&#8220; button_one_text_color__hover_enabled=&#8220;off&#8220; button_two_text_color__hover_enabled=&#8220;off&#8220; button_border_width__hover_enabled=&#8220;off&#8220; button_one_border_width__hover_enabled=&#8220;off&#8220; button_two_border_width__hover_enabled=&#8220;off&#8220; button_border_color__hover_enabled=&#8220;off&#8220; button_one_border_color__hover_enabled=&#8220;off&#8220; button_two_border_color__hover_enabled=&#8220;off&#8220; button_border_radius__hover_enabled=&#8220;off&#8220; button_one_border_radius__hover_enabled=&#8220;off&#8220; button_two_border_radius__hover_enabled=&#8220;off&#8220; button_letter_spacing__hover_enabled=&#8220;off&#8220; button_one_letter_spacing__hover_enabled=&#8220;off&#8220; button_two_letter_spacing__hover_enabled=&#8220;off&#8220; button_bg_color__hover_enabled=&#8220;off&#8220; button_one_bg_color__hover_enabled=&#8220;off&#8220; button_two_bg_color__hover_enabled=&#8220;off&#8220;][\/et_pb_contact_field][et_pb_contact_field field_id=&#8220;Email&#8220; field_title=&#8220;E-Mail-Adresse&#8220; field_type=&#8220;email&#8220; _builder_version=&#8220;4.18.0&#8243; global_colors_info=&#8220;{}&#8220; button_text_size__hover_enabled=&#8220;off&#8220; button_one_text_size__hover_enabled=&#8220;off&#8220; button_two_text_size__hover_enabled=&#8220;off&#8220; button_text_color__hover_enabled=&#8220;off&#8220; button_one_text_color__hover_enabled=&#8220;off&#8220; button_two_text_color__hover_enabled=&#8220;off&#8220; button_border_width__hover_enabled=&#8220;off&#8220; button_one_border_width__hover_enabled=&#8220;off&#8220; button_two_border_width__hover_enabled=&#8220;off&#8220; button_border_color__hover_enabled=&#8220;off&#8220; button_one_border_color__hover_enabled=&#8220;off&#8220; button_two_border_color__hover_enabled=&#8220;off&#8220; button_border_radius__hover_enabled=&#8220;off&#8220; button_one_border_radius__hover_enabled=&#8220;off&#8220; button_two_border_radius__hover_enabled=&#8220;off&#8220; button_letter_spacing__hover_enabled=&#8220;off&#8220; button_one_letter_spacing__hover_enabled=&#8220;off&#8220; button_two_letter_spacing__hover_enabled=&#8220;off&#8220; button_bg_color__hover_enabled=&#8220;off&#8220; button_one_bg_color__hover_enabled=&#8220;off&#8220; button_two_bg_color__hover_enabled=&#8220;off&#8220;][\/et_pb_contact_field][et_pb_contact_field field_id=&#8220;Betreff&#8220; field_title=&#8220;Hier k\u00f6nnt ihr eure Lizenz f\u00fcr unseren Messenger anfordern&#8220; field_type=&#8220;checkbox&#8220; checkbox_options=&#8220;%91{%22value%22:%22Bitte sendet mir eine kostenfreie Lizenz f\u00fcr Threema Work zu.%22,%22checked%22:0,%22dragID%22:-1}%93&#8243; fullwidth_field=&#8220;on&#8220; _builder_version=&#8220;4.18.0&#8243; _module_preset=&#8220;default&#8220; global_colors_info=&#8220;{}&#8220;][\/et_pb_contact_field][et_pb_contact_field field_id=&#8220;Datenschutz&#8220; field_title=&#8220;Datenschutz&#8220; field_type=&#8220;checkbox&#8220; checkbox_options=&#8220;%91{%22value%22:%22Mit der Verarbeitung meiner personenbezogenen Daten zum Zwecke der Umsetzung der Lizenzanforderung durch das Gr\u00fcndungsb\u00fcro der RPTU&#038;HS Kaiserslautern bin ich einverstanden.%22,%22checked%22:0,%22dragID%22:-1}%93&#8243; fullwidth_field=&#8220;on&#8220; _builder_version=&#8220;4.19.4&#8243; _module_preset=&#8220;default&#8220; global_colors_info=&#8220;{}&#8220;][\/et_pb_contact_field][\/et_pb_contact_form][\/et_pb_column][\/et_pb_row][\/et_pb_section][et_pb_section fb_built=&#8220;1&#8243; _builder_version=&#8220;4.14.7&#8243; _module_preset=&#8220;default&#8220; background_color=&#8220;#ffd926&#8243; background_enable_color=&#8220;off&#8220; width_tablet=&#8220;&#8220; width_phone=&#8220;100%&#8220; width_last_edited=&#8220;on|phone&#8220; custom_padding=&#8220;72px|||||&#8220; top_divider_style=&#8220;arrow2&#8243; top_divider_color=&#8220;#FFD926&#8243; module_alignment_tablet=&#8220;&#8220; module_alignment_phone=&#8220;center&#8220; module_alignment_last_edited=&#8220;on|phone&#8220; global_module=&#8220;1381&#8243; saved_tabs=&#8220;all&#8220; locked=&#8220;off&#8220; global_colors_info=&#8220;{}&#8220;][et_pb_row column_structure=&#8220;1_4,1_4,1_4,1_4&#8243; _builder_version=&#8220;4.16&#8243; background_enable_color=&#8220;off&#8220; width_tablet=&#8220;95%&#8220; width_phone=&#8220;100%&#8220; width_last_edited=&#8220;on|desktop&#8220; custom_padding=&#8220;|0px|||false|false&#8220; custom_css_main_element=&#8220;align-items: flex-end; &#8220; global_colors_info=&#8220;{}&#8220;][et_pb_column type=&#8220;1_4&#8243; _builder_version=&#8220;4.16&#8243; global_colors_info=&#8220;{}&#8220;][et_pb_text _builder_version=&#8220;4.16&#8243; _module_preset=&#8220;default&#8220; global_colors_info=&#8220;{}&#8220;]<\/p>\n<h3>Gef\u00f6rdert durch&#8230;<\/h3>\n<p>[\/et_pb_text][\/et_pb_column][et_pb_column type=&#8220;1_4&#8243; _builder_version=&#8220;4.16&#8243; global_colors_info=&#8220;{}&#8220;][\/et_pb_column][et_pb_column type=&#8220;1_4&#8243; _builder_version=&#8220;4.16&#8243; global_colors_info=&#8220;{}&#8220;][\/et_pb_column][et_pb_column type=&#8220;1_4&#8243; _builder_version=&#8220;4.16&#8243; global_colors_info=&#8220;{}&#8220;][\/et_pb_column][\/et_pb_row][et_pb_row column_structure=&#8220;1_4,1_4,1_4,1_4&#8243; disabled_on=&#8220;off|off|off&#8220; _builder_version=&#8220;4.16&#8243; background_enable_color=&#8220;off&#8220; width_tablet=&#8220;95%&#8220; width_phone=&#8220;100%&#8220; width_last_edited=&#8220;on|phone&#8220; custom_css_main_element=&#8220;align-items: flex-end; &#8220; global_colors_info=&#8220;{}&#8220;][et_pb_column type=&#8220;1_4&#8243; _builder_version=&#8220;4.16&#8243; global_colors_info=&#8220;{}&#8220;][\/et_pb_column][et_pb_column type=&#8220;1_4&#8243; _builder_version=&#8220;4.16&#8243; global_colors_info=&#8220;{}&#8220;][et_pb_image src=&#8220;https:\/\/ideenwald-oekosystem.de\/wp-content\/uploads\/2021\/04\/exist-tr.png&#8220; title_text=&#8220;exist_tr&#8220; url=&#8220;https:\/\/www.exist.de\/DE\/Home\/inhalt.html&#8220; url_new_window=&#8220;on&#8220; align=&#8220;center&#8220; admin_label=&#8220;Bild&#8220; _builder_version=&#8220;4.16&#8243; background_enable_color=&#8220;off&#8220; custom_padding=&#8220;0px||0px||true|true&#8220; global_colors_info=&#8220;{}&#8220;][\/et_pb_image][\/et_pb_column][et_pb_column type=&#8220;1_4&#8243; _builder_version=&#8220;4.16&#8243; global_colors_info=&#8220;{}&#8220;][et_pb_image src=&#8220;https:\/\/ideenwald-oekosystem.de\/wp-content\/uploads\/2022\/01\/bmwi-fz-2021-web2x-de.gif&#8220; alt=&#8220;Logo BMWK&#8220; title_text=&#8220;BMWi_Fz_2021_Web2x_de&#8220; url=&#8220;https:\/\/www.bmwi.de\/Navigation\/DE\/Home\/home.html&#8220; url_new_window=&#8220;on&#8220; align=&#8220;center&#8220; _builder_version=&#8220;4.16&#8243; global_colors_info=&#8220;{}&#8220;][\/et_pb_image][\/et_pb_column][et_pb_column type=&#8220;1_4&#8243; _builder_version=&#8220;4.16&#8243; global_colors_info=&#8220;{}&#8220;][\/et_pb_column][\/et_pb_row][\/et_pb_section]<\/p>\n","protected":false},"excerpt":{"rendered":"<p>Werdet Teil des IDEENWALDS und kommt in unsere Meet &amp; Make-Gruppe, denn digitale Zusammenarbeit erfordert eine schnelle Kommunikation untereinander. Daf\u00fcr nutzen wir den Messenger-Dienst Threema Work. Um eine kostenlose Lizenz [&hellip;]<\/p>\n","protected":false},"author":2,"featured_media":0,"parent":4320,"menu_order":20,"comment_status":"closed","ping_status":"closed","template":"","meta":{"_et_pb_use_builder":"on","_et_pb_old_content":"","_et_gb_content_width":"","footnotes":""},"class_list":["post-2302","page","type-page","status-publish","hentry"],"yoast_head":"<!-- This site is optimized with the Yoast SEO plugin v27.5 - https:\/\/yoast.com\/product\/yoast-seo-wordpress\/ -->\n<title>Meet &amp; Make - IDEENWALD<\/title>\n<meta name=\"description\" content=\"Kommt in unsere Meet &amp; Make Gruppe des Messengers Threema Work, denn digitale Zusammenarbeit erfordert eine schnelle Kommunikation.\" \/>\n<meta name=\"robots\" content=\"index, follow, max-snippet:-1, max-image-preview:large, max-video-preview:-1\" \/>\n<link rel=\"canonical\" href=\"https:\/\/ideenwald-oekosystem.de\/en\/vernetzen\/meet-make\/\" \/>\n<meta property=\"og:locale\" content=\"en_US\" \/>\n<meta property=\"og:type\" content=\"article\" \/>\n<meta property=\"og:title\" content=\"IDEENWALD goes Threema Work\" \/>\n<meta property=\"og:description\" content=\"Kommt in unsere Meet &amp; Make Gruppe des Messengers Threema Work, denn digitale Zusammenarbeit erfordert eine schnelle Kommunikation.\" \/>\n<meta property=\"og:url\" content=\"https:\/\/ideenwald-oekosystem.de\/en\/vernetzen\/meet-make\/\" \/>\n<meta property=\"og:site_name\" content=\"IDEENWALD\" \/>\n<meta property=\"article:modified_time\" content=\"2023-08-22T11:17:42+00:00\" \/>\n<meta property=\"og:image\" content=\"https:\/\/ideenwald-oekosystem.de\/wp-content\/uploads\/2022\/12\/ameisen-1.png\" \/>\n\t<meta property=\"og:image:width\" content=\"1733\" \/>\n\t<meta property=\"og:image:height\" content=\"1920\" \/>\n\t<meta property=\"og:image:type\" content=\"image\/png\" \/>\n<meta name=\"twitter:card\" content=\"summary_large_image\" \/>\n<meta name=\"twitter:title\" content=\"IDEENWALD goes Threema Work\" \/>\n<meta name=\"twitter:description\" content=\"Kommt in unsere Meet &amp; Make Gruppe des Messengers Threema Work, denn digitale Zusammenarbeit erfordert eine schnelle Kommunikation.\" \/>\n<meta name=\"twitter:image\" content=\"https:\/\/ideenwald-oekosystem.de\/wp-content\/uploads\/2022\/12\/ameisen-1.png\" \/>\n<meta name=\"twitter:label1\" content=\"Est. reading time\" \/>\n\t<meta name=\"twitter:data1\" content=\"3 minutes\" \/>\n<script type=\"application\/ld+json\" class=\"yoast-schema-graph\">{\"@context\":\"https:\\\/\\\/schema.org\",\"@graph\":[{\"@type\":\"WebPage\",\"@id\":\"https:\\\/\\\/ideenwald-oekosystem.de\\\/vernetzen\\\/meet-make\\\/\",\"url\":\"https:\\\/\\\/ideenwald-oekosystem.de\\\/vernetzen\\\/meet-make\\\/\",\"name\":\"Meet & Make - IDEENWALD\",\"isPartOf\":{\"@id\":\"https:\\\/\\\/ideenwald-oekosystem.de\\\/#website\"},\"datePublished\":\"2020-11-12T11:55:33+00:00\",\"dateModified\":\"2023-08-22T11:17:42+00:00\",\"description\":\"Kommt in unsere Meet & Make Gruppe des Messengers Threema Work, denn digitale Zusammenarbeit erfordert eine schnelle Kommunikation.\",\"breadcrumb\":{\"@id\":\"https:\\\/\\\/ideenwald-oekosystem.de\\\/vernetzen\\\/meet-make\\\/#breadcrumb\"},\"inLanguage\":\"en-US\",\"potentialAction\":[{\"@type\":\"ReadAction\",\"target\":[\"https:\\\/\\\/ideenwald-oekosystem.de\\\/vernetzen\\\/meet-make\\\/\"]}]},{\"@type\":\"BreadcrumbList\",\"@id\":\"https:\\\/\\\/ideenwald-oekosystem.de\\\/vernetzen\\\/meet-make\\\/#breadcrumb\",\"itemListElement\":[{\"@type\":\"ListItem\",\"position\":1,\"name\":\"Startseite\",\"item\":\"https:\\\/\\\/ideenwald-oekosystem.de\\\/\"},{\"@type\":\"ListItem\",\"position\":2,\"name\":\"Vernetzen\",\"item\":\"https:\\\/\\\/ideenwald-oekosystem.de\\\/vernetzen\\\/\"},{\"@type\":\"ListItem\",\"position\":3,\"name\":\"Meet &#038; Make\"}]},{\"@type\":\"WebSite\",\"@id\":\"https:\\\/\\\/ideenwald-oekosystem.de\\\/#website\",\"url\":\"https:\\\/\\\/ideenwald-oekosystem.de\\\/\",\"name\":\"IDEENWALD\",\"description\":\"Eine Welt f\u00fcr Gr\u00fcnder*innen, Zukunftsgestalter*innen und kreative K\u00f6pfe\",\"potentialAction\":[{\"@type\":\"SearchAction\",\"target\":{\"@type\":\"EntryPoint\",\"urlTemplate\":\"https:\\\/\\\/ideenwald-oekosystem.de\\\/?s={search_term_string}\"},\"query-input\":{\"@type\":\"PropertyValueSpecification\",\"valueRequired\":true,\"valueName\":\"search_term_string\"}}],\"inLanguage\":\"en-US\"}]}<\/script>\n<!-- \/ Yoast SEO plugin. -->","yoast_head_json":{"title":"Meet & Make - IDEENWALD","description":"Kommt in unsere Meet & Make Gruppe des Messengers Threema Work, denn digitale Zusammenarbeit erfordert eine schnelle Kommunikation.","robots":{"index":"index","follow":"follow","max-snippet":"max-snippet:-1","max-image-preview":"max-image-preview:large","max-video-preview":"max-video-preview:-1"},"canonical":"https:\/\/ideenwald-oekosystem.de\/en\/vernetzen\/meet-make\/","og_locale":"en_US","og_type":"article","og_title":"IDEENWALD goes Threema Work","og_description":"Kommt in unsere Meet & Make Gruppe des Messengers Threema Work, denn digitale Zusammenarbeit erfordert eine schnelle Kommunikation.","og_url":"https:\/\/ideenwald-oekosystem.de\/en\/vernetzen\/meet-make\/","og_site_name":"IDEENWALD","article_modified_time":"2023-08-22T11:17:42+00:00","og_image":[{"width":1733,"height":1920,"url":"https:\/\/ideenwald-oekosystem.de\/wp-content\/uploads\/2022\/12\/ameisen-1.png","type":"image\/png"}],"twitter_card":"summary_large_image","twitter_title":"IDEENWALD goes Threema Work","twitter_description":"Kommt in unsere Meet & Make Gruppe des Messengers Threema Work, denn digitale Zusammenarbeit erfordert eine schnelle Kommunikation.","twitter_image":"https:\/\/ideenwald-oekosystem.de\/wp-content\/uploads\/2022\/12\/ameisen-1.png","twitter_misc":{"Est. reading time":"3 minutes"},"schema":{"@context":"https:\/\/schema.org","@graph":[{"@type":"WebPage","@id":"https:\/\/ideenwald-oekosystem.de\/vernetzen\/meet-make\/","url":"https:\/\/ideenwald-oekosystem.de\/vernetzen\/meet-make\/","name":"Meet & Make - IDEENWALD","isPartOf":{"@id":"https:\/\/ideenwald-oekosystem.de\/#website"},"datePublished":"2020-11-12T11:55:33+00:00","dateModified":"2023-08-22T11:17:42+00:00","description":"Kommt in unsere Meet & Make Gruppe des Messengers Threema Work, denn digitale Zusammenarbeit erfordert eine schnelle Kommunikation.","breadcrumb":{"@id":"https:\/\/ideenwald-oekosystem.de\/vernetzen\/meet-make\/#breadcrumb"},"inLanguage":"en-US","potentialAction":[{"@type":"ReadAction","target":["https:\/\/ideenwald-oekosystem.de\/vernetzen\/meet-make\/"]}]},{"@type":"BreadcrumbList","@id":"https:\/\/ideenwald-oekosystem.de\/vernetzen\/meet-make\/#breadcrumb","itemListElement":[{"@type":"ListItem","position":1,"name":"Startseite","item":"https:\/\/ideenwald-oekosystem.de\/"},{"@type":"ListItem","position":2,"name":"Vernetzen","item":"https:\/\/ideenwald-oekosystem.de\/vernetzen\/"},{"@type":"ListItem","position":3,"name":"Meet &#038; Make"}]},{"@type":"WebSite","@id":"https:\/\/ideenwald-oekosystem.de\/#website","url":"https:\/\/ideenwald-oekosystem.de\/","name":"IDEENWALD","description":"Eine Welt f\u00fcr Gr\u00fcnder*innen, Zukunftsgestalter*innen und kreative K\u00f6pfe","potentialAction":[{"@type":"SearchAction","target":{"@type":"EntryPoint","urlTemplate":"https:\/\/ideenwald-oekosystem.de\/?s={search_term_string}"},"query-input":{"@type":"PropertyValueSpecification","valueRequired":true,"valueName":"search_term_string"}}],"inLanguage":"en-US"}]}},"_links":{"self":[{"href":"https:\/\/ideenwald-oekosystem.de\/en\/wp-json\/wp\/v2\/pages\/2302","targetHints":{"allow":["GET"]}}],"collection":[{"href":"https:\/\/ideenwald-oekosystem.de\/en\/wp-json\/wp\/v2\/pages"}],"about":[{"href":"https:\/\/ideenwald-oekosystem.de\/en\/wp-json\/wp\/v2\/types\/page"}],"author":[{"embeddable":true,"href":"https:\/\/ideenwald-oekosystem.de\/en\/wp-json\/wp\/v2\/users\/2"}],"replies":[{"embeddable":true,"href":"https:\/\/ideenwald-oekosystem.de\/en\/wp-json\/wp\/v2\/comments?post=2302"}],"version-history":[{"count":49,"href":"https:\/\/ideenwald-oekosystem.de\/en\/wp-json\/wp\/v2\/pages\/2302\/revisions"}],"predecessor-version":[{"id":258041,"href":"https:\/\/ideenwald-oekosystem.de\/en\/wp-json\/wp\/v2\/pages\/2302\/revisions\/258041"}],"up":[{"embeddable":true,"href":"https:\/\/ideenwald-oekosystem.de\/en\/wp-json\/wp\/v2\/pages\/4320"}],"wp:attachment":[{"href":"https:\/\/ideenwald-oekosystem.de\/en\/wp-json\/wp\/v2\/media?parent=2302"}],"curies":[{"name":"wp","href":"https:\/\/api.w.org\/{rel}","templated":true}]}}