{"id":255105,"date":"2022-03-21T16:02:46","date_gmt":"2022-03-21T15:02:46","guid":{"rendered":"https:\/\/ideenwald-oekosystem.de\/?page_id=255105"},"modified":"2023-05-17T15:47:46","modified_gmt":"2023-05-17T13:47:46","slug":"impressum","status":"publish","type":"page","link":"https:\/\/ideenwald-oekosystem.de\/en\/impressum\/","title":{"rendered":"Impressum"},"content":{"rendered":"<p>[et_pb_section fb_built=&#8220;1&#8243; admin_label=&#8220;section&#8220; _builder_version=&#8220;4.16&#8243; global_colors_info=&#8220;{}&#8220;][et_pb_row admin_label=&#8220;row&#8220; _builder_version=&#8220;4.16&#8243; background_size=&#8220;initial&#8220; background_position=&#8220;top_left&#8220; background_repeat=&#8220;repeat&#8220; global_colors_info=&#8220;{}&#8220;][et_pb_column type=&#8220;4_4&#8243; _builder_version=&#8220;4.16&#8243; custom_padding=&#8220;|||&#8220; global_colors_info=&#8220;{}&#8220; custom_padding__hover=&#8220;|||&#8220;][et_pb_text admin_label=&#8220;Text&#8220; _builder_version=&#8220;4.21.0&#8243; background_size=&#8220;initial&#8220; background_position=&#8220;top_left&#8220; background_repeat=&#8220;repeat&#8220; global_colors_info=&#8220;{}&#8220;]<\/p>\n<div class=\"page\" title=\"Page 2\">\n<div class=\"layoutArea\">\n<div class=\"column\">\n<h5><strong>Impressum<\/strong><\/h5>\n<h5><strong>Seitenbetreiber gema\u0308\u00df \u00a7 5 TMG<\/strong><\/h5>\n<div class=\"column\">\n<p>Rheinland-Pf\u00e4lzische Technische Universit\u00e4t Kaiserslautern-Landau (RPTU)<\/p>\n<p>Gottlieb-Daimler-Stra\u00dfe<br \/>67663 Kaiserslautern<br \/>Deutschland<\/p>\n<\/div>\n<p>&nbsp;<\/p>\n<div class=\"column\">Telefon: <a href=\"tel:+496312050\">+49 631 205 0<\/a><\/div>\n<div class=\"column\">Fax: <a href=\"tel:+496312053200\">+49 631 205 3200<\/a><\/div>\n<div class=\"column\">E-Mail: <a href=\"mailto:president@uni-kl.de\">president@uni-kl.de<\/a><\/div>\n<\/div>\n<p>&nbsp;<\/p>\n<div>\n<div class=\"page\" title=\"Page 2\">\n<div class=\"layoutArea\">\n<div class=\"column\">\n<p>Rechtsform: Ko\u0308rperschaft des o\u0308ffentlichen Rechts<br \/>Umsatzsteuer-Identifikationsnummer gema\u0308\u00df \u00a7 27 a Umsatzsteuergesetz: DE148642087<br \/>Aufsichtsbeho\u0308rde: Ministerium fu\u0308r Wissenschaft und Gesundheit des Landes Rheinland-Pfalz<br \/>Mittlere Bleiche 61<br \/>55116 Mainz<\/p>\n<p>&nbsp;<\/p>\n<div class=\"page\" title=\"Page 2\">\n<div class=\"layoutArea\">\n<div class=\"column\">\n<h6><strong>Vertreten durch<\/strong><\/h6>\n<p>Prof. Dr. Arnd Poetzsch-Heffter<\/p>\n<p>&nbsp;<\/p>\n<\/div>\n<div class=\"page\" title=\"Page 2\">\n<div class=\"layoutArea\">\n<div class=\"column\">\n<h5><strong>Inhaltlich Verantwortlicher<\/strong><\/h5>\n<div class=\"column\">\n<p>Rheinland-Pf\u00e4lzische Technische Universit\u00e4t Kaiserslautern-Landau<\/p>\n<p>Gottlieb-Daimler-Stra\u00dfe, Geb\u00e4ude 47<br \/>67663 Kaiserslautern<br \/>Deutschland<\/p>\n<\/div>\n<div>\u00a0<\/div>\n<div>\u00a0<\/div>\n<div>\u00a0<\/div>\n<\/div>\n<\/div>\n<p>&nbsp;<\/p>\n<div>\n<div class=\"page\" title=\"Page 3\">\n<div class=\"layoutArea\">\n<div class=\"column\">\n<h5><strong>Streitschlichtung<\/strong><\/h5>\n<p>Wir mo\u0308chten Sie darauf hinweisen, dass die Europa\u0308ische Kommission unter <a href=\"https:\/\/ec.europa.eu\/consumers\/odr\">https:\/\/ec.europa.eu\/consumers\/odr <\/a>eine Plattform zur au\u00dfergerichtlichen Streitbeilegung (sog. OS- Plattform) betreibt.<\/p>\n<p>Wir sind nicht bereit oder verpflichtet, an einem Streitbeilegungsverfahren vor einer Verbraucherschlichtungsstelle teilzunehmen.<\/p>\n<p>&nbsp;<\/p>\n<\/div>\n<\/div>\n<p>&nbsp;<\/p>\n<div class=\"page\" title=\"Page 3\">\n<div class=\"layoutArea\">\n<div class=\"column\">\n<h5><strong>Datenschutzbeauftragter<\/strong><\/h5>\n<p>Fu\u0308r jegliche Fragen im Zusammenhang und mit Bezug zu unserem Datenschutz sowie den von Ihnen bei uns gespeicherten Daten steht Ihnen unser Datenschutzbeauftragter gerne zur Verfu\u0308gung:<\/p>\n<div>Joachim Stemler<\/div>\n<div class=\"column\">Rheinland-Pf\u00e4lzische Technische Universit\u00e4t Kaiserslautern-Landau<\/div>\n<div class=\"column\">Gottlieb-Daimler-Stra\u00dfe, Geb\u00e4ude 34, Raum 318<\/div>\n<div class=\"column\">67663 Kaiserslautern<br \/>Deutschland<\/div>\n<div>Telefon: <a href=\"tel:+496312054434\">+49 631 205-4434<\/a><br \/>E-Mail:\u00a0<a class=\"mail\" title=\"E-Mail an den Datenschutzbeauftragen der TU\" href=\"mailto:datenschutz@uni-kl.de\">datenschutz@uni-kl.de<\/a><\/div>\n<\/div>\n<div>\u00a0<\/div>\n<div class=\"column\">\n<div>\u00a0<\/div>\n<\/div>\n<\/div>\n<p>&nbsp;<\/p>\n<p>&nbsp;<\/p>\n<div>\n<div class=\"page\" title=\"Page 3\">\n<div class=\"layoutArea\">\n<div class=\"column\">\n<h5>\u00a0<\/h5>\n<h5><strong>Copyright und Urheberrecht<\/strong><\/h5>\n<p>Alle verwendeten Icons, Screenshots und sonstige Grafiken sowie alle verwendeten Marken- und Produktnamen und Logos stehen im Eigentum ihrer jeweiligen Besitzer. Au\u00dferdem unterliegen die durch die Seitenbetreiber erstellten Inhalte und Werke auf diesen Seiten dem deutschen Urheberrecht. Ohne vorherige schriftliche Genehmigung durch die RPTU ist es nicht gestattet, die Inhalte dieser Seite (weder direkt noch durch Referenzierung) zu vervielfa\u0308ltigen, modifizieren, verteilen oder neu zu vero\u0308ffentlichen. Weiterhin ist es nicht gestattet, Markenzeichen, Copyright oder andere Kennzeichnungen von Kopien des Inhaltes zu a\u0308ndern oder zu entfernen. Soweit die Inhalte auf dieser Seite nicht vom Betreiber erstellt wurden, werden die Urheberrechte Dritter beachtet. Insbesondere werden Inhalte Dritter als solche gekennzeichnet.<\/p>\n<p>&nbsp;<\/p>\n<div class=\"page\" title=\"Page 3\">\n<div class=\"layoutArea\">\n<div class=\"column\">\n<h5>\u00a0<\/h5>\n<h5><strong>Haftung fu\u0308r Inhalte<\/strong><\/h5>\n<p>Die Inhalte unserer Seiten wurden mit gro\u0308\u00dfter Sorgfalt und nach bestem Gewissen erstellt. Fu\u0308r die Richtigkeit, Vollsta\u0308ndigkeit und Aktualita\u0308t der Inhalte ko\u0308nnen wir jedoch keine Gewa\u0308hr u\u0308bernehmen. Als Dienstanbieter sind wir gema\u0308\u00df \u00a7 7 Abs.1 TMG fu\u0308r eigene Inhalte und bereitgestellte Informationen auf diesen Seiten nach den allgemeinen Gesetzen verantwortlich. Nach \u00a7\u00a7 8 bis 10 TMG sind wir als Dienstanbieter jedoch nicht verpflichtet, u\u0308bermittelte oder gespeicherte fremde Informationen zu u\u0308berwachen oder nach Umsta\u0308nden zu forschen, die auf eine rechtswidrige Ta\u0308tigkeit hinweisen. Verpflichtungen zur Entfernung oder Sperrung der Nutzung von Informationen nach den allgemeinen Gesetzen bleiben hiervon unberu\u0308hrt. Eine diesbezu\u0308gliche Haftung ist jedoch erst ab dem Zeitpunkt der Kenntnis einer konkreten Rechtsverletzung mo\u0308glich. Bei Bekanntwerden von entsprechenden Rechtsverletzungen werden wir diese Inhalte umgehend entfernen.<\/p>\n<p>&nbsp;<\/p>\n<div class=\"page\" title=\"Page 4\">\n<div class=\"layoutArea\">\n<div class=\"column\">\n<h5>\u00a0<\/h5>\n<h5><strong>Haftung fu\u0308r Links<\/strong><\/h5>\n<p>Das Angebot auf unserer Webseite entha\u0308lt Links zu externen Webseiten Dritter, auf deren Inhalte wir keinen Einfluss haben. Diese externen Inhalte widerspiegeln nicht die Meinung der RPTU. Deshalb ko\u0308nnen wir fu\u0308r diese fremden Inhalte auch keine Gewa\u0308hr und\/oder Haftung u\u0308bernehmen. Fu\u0308r die Inhalte der verlinkten Seiten ist stets der jeweilige Anbieter oder Betreiber der Seiten verantwortlich. Die verlinkten Seiten wurden zum Zeitpunkt der Verlinkung auf mo\u0308gliche Rechtsversto\u0308\u00dfe u\u0308berpru\u0308ft. Rechtswidrige Inhalte waren zum Zeitpunkt der Verlinkung nicht erkennbar. Eine permanente inhaltliche Kontrolle der verlinkten Seiten ist uns jedoch ohne konkrete Anhaltspunkte einer Rechtsverletzung nicht zumutbar. Bei Bekanntwerden von Rechtsverletzungen werden wir derartige Links umgehend entfernen.<\/p>\n<p>\u00a9 VELIT Consulting GmbH &amp; Co. KG, <a href=\"https:\/\/velit.consulting\">https:\/\/velit.consulting<\/a><\/p>\n<\/div>\n<\/div>\n<p>&nbsp;<\/p>\n<\/div>\n<\/div>\n<\/div>\n<\/div>\n<\/div>\n<\/div>\n<\/div>\n<\/div>\n<\/div>\n<\/div>\n<\/div>\n<\/div>\n<\/div>\n<\/div>\n<\/div>\n<\/div>\n<\/div>\n<\/div>\n<\/div>\n<\/div>\n<p>[\/et_pb_text][\/et_pb_column][\/et_pb_row][\/et_pb_section]<\/p>\n","protected":false},"excerpt":{"rendered":"<p>Impressum Seitenbetreiber gema\u0308\u00df \u00a7 5 TMG Rheinland-Pf\u00e4lzische Technische Universit\u00e4t Kaiserslautern-Landau (RPTU) Gottlieb-Daimler-Stra\u00dfe67663 KaiserslauternDeutschland &nbsp; Telefon: +49 631 205 0 Fax: +49 631 205 3200 E-Mail: president@uni-kl.de &nbsp; Rechtsform: Ko\u0308rperschaft des [&hellip;]<\/p>\n","protected":false},"author":8,"featured_media":0,"parent":0,"menu_order":0,"comment_status":"closed","ping_status":"closed","template":"","meta":{"_et_pb_use_builder":"on","_et_pb_old_content":"<div class=\"page\" title=\"Page 2\">\r\n<div class=\"layoutArea\">\r\n<div class=\"column\">\r\n<h5><strong>Impressum<\/strong><\/h5>\r\n<h5><strong>Seitenbetreiber gema\u0308\u00df \u00a7 5 TMG<\/strong><\/h5>\r\n<div class=\"column\">Technische Universita\u0308t Kaiserslautern<\/div>\r\n<div class=\"column\">Gottlieb-Daimler-Stra\u00dfe, Geba\u0308ude 47<\/div>\r\n<div class=\"column\">67663 Kaiserslautern\r\nDeutschland<\/div>\r\n\u00a0\r\n<div class=\"column\">Telefon: <a href=\"tel:+496312050\">+49 631 205 0<\/a><\/div>\r\n<div class=\"column\">Fax: <a href=\"tel:+496312053200\">+49 631 205 3200<\/a><\/div>\r\n<div class=\"column\">E-Mail: <a href=\"mailto:president@uni-kl.de\">president@uni-kl.de<\/a><\/div>\r\n<\/div>\r\n\u00a0\r\n<div>\r\n<div class=\"page\" title=\"Page 2\">\r\n<div class=\"layoutArea\">\r\n<div class=\"column\">\r\n\r\nRechtsform: Ko\u0308rperschaft des o\u0308ffentlichen Rechts\r\nUmsatzsteuer-Identifikationsnummer gema\u0308\u00df \u00a7 27 a Umsatzsteuergesetz: DE148642087\r\nAufsichtsbeho\u0308rde: Ministerium fu\u0308r Wissenschaft und Gesundheit des Landes Rheinland-Pfalz\r\nMittlere Bleiche 61\r\n55116 Mainz\r\n\r\n\u00a0\r\n<div class=\"page\" title=\"Page 2\">\r\n<div class=\"layoutArea\">\r\n<div class=\"column\">\r\n<h6><strong>Vertreten durch<\/strong><\/h6>\r\nProf. Dr. Arnd Poetzsch-Heffter\r\n\r\n\u00a0\r\n\r\n<\/div>\r\n<div class=\"page\" title=\"Page 2\">\r\n<div class=\"layoutArea\">\r\n<div class=\"column\">\r\n<h5><strong>Inhaltlich Verantwortlicher<\/strong><\/h5>\r\n<div class=\"column\">Technische Universita\u0308t Kaiserslautern<\/div>\r\n<div class=\"column\">Gottlieb-Daimler-Stra\u00dfe, Geba\u0308ude 47<\/div>\r\n<div class=\"column\">67663 Kaiserslautern\r\nDeutschland<\/div>\r\n<div><\/div>\r\n<div><\/div>\r\n<div><\/div>\r\n<\/div>\r\n<\/div>\r\n\u00a0\r\n<div>\r\n<div class=\"page\" title=\"Page 3\">\r\n<div class=\"layoutArea\">\r\n<div class=\"column\">\r\n<h5><strong>Streitschlichtung<\/strong><\/h5>\r\nWir mo\u0308chten Sie darauf hinweisen, dass die Europa\u0308ische Kommission unter <a href=\"https:\/\/ec.europa.eu\/consumers\/odr\">https:\/\/ec.europa.eu\/consumers\/odr <\/a>eine Plattform zur au\u00dfergerichtlichen Streitbeilegung (sog. OS- Plattform) betreibt.\r\n\r\nWir sind nicht bereit oder verpflichtet, an einem Streitbeilegungsverfahren vor einer Verbraucherschlichtungsstelle teilzunehmen.\r\n\r\n\u00a0\r\n\r\n<\/div>\r\n<\/div>\r\n\u00a0\r\n<div class=\"page\" title=\"Page 3\">\r\n<div class=\"layoutArea\">\r\n<div class=\"column\">\r\n<h5><strong>Datenschutzbeauftragter<\/strong><\/h5>\r\nFu\u0308r jegliche Fragen im Zusammenhang und mit Bezug zu unserem Datenschutz sowie den von Ihnen bei uns gespeicherten Daten steht Ihnen unser Datenschutzbeauftragter gerne zur Verfu\u0308gung:\r\n<div>Joachim Stemler<\/div>\r\n<div class=\"column\">Technische Universita\u0308t Kaiserslautern<\/div>\r\n<div class=\"column\">Gottlieb-Daimler-Stra\u00dfe, Geb\u00e4ude 34 Raum 318<\/div>\r\n<div class=\"column\">67663 Kaiserslautern\r\nDeutschland<\/div>\r\n<div>Telefon: <a href=\"tel:+496312054434\">+49 631 205-4434<\/a>\r\nE-Mail:\u00a0<a class=\"mail\" title=\"E-Mail an den Datenschutzbeauftragen der TU\" href=\"mailto:datenschutz@uni-kl.de\">datenschutz@uni-kl.de<\/a><\/div>\r\n<\/div>\r\n<div><\/div>\r\n<div class=\"column\">\r\n<div><\/div>\r\n<\/div>\r\n<\/div>\r\n\u00a0\r\n\r\n\u00a0\r\n<div>\r\n<div class=\"page\" title=\"Page 3\">\r\n<div class=\"layoutArea\">\r\n<div class=\"column\">\r\n<h5><\/h5>\r\n<h5><strong>Copyright und Urheberrecht<\/strong><\/h5>\r\nAlle verwendeten Icons, Screenshots und sonstige Grafiken sowie alle verwendeten Marken- und Produktnamen und Logos stehen im Eigentum ihrer jeweiligen Besitzer. Au\u00dferdem unterliegen die durch die Seitenbetreiber erstellten Inhalte und Werke auf diesen Seiten dem deutschen Urheberrecht. Ohne vorherige schriftliche Genehmigung durch die Technische Universita\u0308t Kaiserslautern ist es nicht gestattet, die Inhalte dieser Seite (weder direkt noch durch Referenzierung) zu vervielfa\u0308ltigen, modifizieren, verteilen oder neu zu vero\u0308ffentlichen. Weiterhin ist es nicht gestattet, Markenzeichen, Copyright oder andere Kennzeichnungen von Kopien des Inhaltes zu a\u0308ndern oder zu entfernen. Soweit die Inhalte auf dieser Seite nicht vom Betreiber erstellt wurden, werden die Urheberrechte Dritter beachtet. Insbesondere werden Inhalte Dritter als solche gekennzeichnet.\r\n\r\n\u00a0\r\n<div class=\"page\" title=\"Page 3\">\r\n<div class=\"layoutArea\">\r\n<div class=\"column\">\r\n<h5><\/h5>\r\n<h5><strong>Haftung fu\u0308r Inhalte<\/strong><\/h5>\r\nDie Inhalte unserer Seiten wurden mit gro\u0308\u00dfter Sorgfalt und nach bestem Gewissen erstellt. Fu\u0308r die Richtigkeit, Vollsta\u0308ndigkeit und Aktualita\u0308t der Inhalte ko\u0308nnen wir jedoch keine Gewa\u0308hr u\u0308bernehmen. Als Dienstanbieter sind wir gema\u0308\u00df \u00a7 7 Abs.1 TMG fu\u0308r eigene Inhalte und bereitgestellte Informationen auf diesen Seiten nach den allgemeinen Gesetzen verantwortlich. Nach \u00a7\u00a7 8 bis 10 TMG sind wir als Dienstanbieter jedoch nicht verpflichtet, u\u0308bermittelte oder gespeicherte fremde Informationen zu u\u0308berwachen oder nach Umsta\u0308nden zu forschen, die auf eine rechtswidrige Ta\u0308tigkeit hinweisen. Verpflichtungen zur Entfernung oder Sperrung der Nutzung von Informationen nach den allgemeinen Gesetzen bleiben hiervon unberu\u0308hrt. Eine diesbezu\u0308gliche Haftung ist jedoch erst ab dem Zeitpunkt der Kenntnis einer konkreten Rechtsverletzung mo\u0308glich. Bei Bekanntwerden von entsprechenden Rechtsverletzungen werden wir diese Inhalte umgehend entfernen.\r\n\r\n\u00a0\r\n<div class=\"page\" title=\"Page 4\">\r\n<div class=\"layoutArea\">\r\n<div class=\"column\">\r\n<h5><\/h5>\r\n<h5><strong>Haftung fu\u0308r Links<\/strong><\/h5>\r\nDas Angebot auf unserer Webseite entha\u0308lt Links zu externen Webseiten Dritter, auf deren Inhalte wir keinen Einfluss haben. Diese externen Inhalte widerspiegeln nicht die Meinung der Technische Universita\u0308t Kaiserslautern. Deshalb ko\u0308nnen wir fu\u0308r diese fremden Inhalte auch keine Gewa\u0308hr und\/oder Haftung u\u0308bernehmen. Fu\u0308r die Inhalte der verlinkten Seiten ist stets der jeweilige Anbieter oder Betreiber der Seiten verantwortlich. Die verlinkten Seiten wurden zum Zeitpunkt der Verlinkung auf mo\u0308gliche Rechtsversto\u0308\u00dfe u\u0308berpru\u0308ft. Rechtswidrige Inhalte waren zum Zeitpunkt der Verlinkung nicht erkennbar. Eine permanente inhaltliche Kontrolle der verlinkten Seiten ist uns jedoch ohne konkrete Anhaltspunkte einer Rechtsverletzung nicht zumutbar. Bei Bekanntwerden von Rechtsverletzungen werden wir derartige Links umgehend entfernen.\r\n\r\n\u00a9 VELIT Consulting GmbH & Co. KG, <a href=\"https:\/\/velit.consulting\">https:\/\/velit.consulting<\/a>\r\n\r\n<\/div>\r\n<\/div>\r\n\u00a0\r\n\r\n<\/div>\r\n<\/div>\r\n<\/div>\r\n<\/div>\r\n<\/div>\r\n<\/div>\r\n<\/div>\r\n<\/div>\r\n<\/div>\r\n<\/div>\r\n<\/div>\r\n<\/div>\r\n<\/div>\r\n<\/div>\r\n<\/div>\r\n<\/div>\r\n<\/div>\r\n<\/div>\r\n<\/div>\r\n<\/div>","_et_gb_content_width":"","footnotes":""},"class_list":["post-255105","page","type-page","status-publish","hentry"],"yoast_head":"<!-- This site is optimized with the Yoast SEO plugin v27.4 - https:\/\/yoast.com\/product\/yoast-seo-wordpress\/ -->\n<title>Impressum - IDEENWALD<\/title>\n<meta name=\"description\" content=\"Hier findet ihr das Impressum der IDEENWALD-Homepage als Teil der Rheinland-Pf\u00e4lzischen Technischen Universit\u00e4t Kaiserslautern-Landau.\" \/>\n<meta name=\"robots\" content=\"index, follow, max-snippet:-1, max-image-preview:large, max-video-preview:-1\" \/>\n<link rel=\"canonical\" href=\"https:\/\/ideenwald-oekosystem.de\/en\/impressum\/\" \/>\n<meta property=\"og:locale\" content=\"en_US\" \/>\n<meta property=\"og:type\" content=\"article\" \/>\n<meta property=\"og:title\" content=\"Impressum - IDEENWALD\" \/>\n<meta property=\"og:description\" content=\"Hier findet ihr das Impressum der IDEENWALD-Homepage als Teil der Rheinland-Pf\u00e4lzischen Technischen Universit\u00e4t Kaiserslautern-Landau.\" \/>\n<meta property=\"og:url\" content=\"https:\/\/ideenwald-oekosystem.de\/en\/impressum\/\" \/>\n<meta property=\"og:site_name\" content=\"IDEENWALD\" \/>\n<meta property=\"article:modified_time\" content=\"2023-05-17T13:47:46+00:00\" \/>\n<meta name=\"twitter:card\" content=\"summary_large_image\" \/>\n<meta name=\"twitter:label1\" content=\"Est. reading time\" \/>\n\t<meta name=\"twitter:data1\" content=\"3 minutes\" \/>\n<script type=\"application\/ld+json\" class=\"yoast-schema-graph\">{\"@context\":\"https:\\\/\\\/schema.org\",\"@graph\":[{\"@type\":\"WebPage\",\"@id\":\"https:\\\/\\\/ideenwald-oekosystem.de\\\/impressum\\\/\",\"url\":\"https:\\\/\\\/ideenwald-oekosystem.de\\\/impressum\\\/\",\"name\":\"Impressum - IDEENWALD\",\"isPartOf\":{\"@id\":\"https:\\\/\\\/ideenwald-oekosystem.de\\\/#website\"},\"datePublished\":\"2022-03-21T15:02:46+00:00\",\"dateModified\":\"2023-05-17T13:47:46+00:00\",\"description\":\"Hier findet ihr das Impressum der IDEENWALD-Homepage als Teil der Rheinland-Pf\u00e4lzischen Technischen Universit\u00e4t Kaiserslautern-Landau.\",\"breadcrumb\":{\"@id\":\"https:\\\/\\\/ideenwald-oekosystem.de\\\/impressum\\\/#breadcrumb\"},\"inLanguage\":\"en-US\",\"potentialAction\":[{\"@type\":\"ReadAction\",\"target\":[\"https:\\\/\\\/ideenwald-oekosystem.de\\\/impressum\\\/\"]}]},{\"@type\":\"BreadcrumbList\",\"@id\":\"https:\\\/\\\/ideenwald-oekosystem.de\\\/impressum\\\/#breadcrumb\",\"itemListElement\":[{\"@type\":\"ListItem\",\"position\":1,\"name\":\"Startseite\",\"item\":\"https:\\\/\\\/ideenwald-oekosystem.de\\\/\"},{\"@type\":\"ListItem\",\"position\":2,\"name\":\"Impressum\"}]},{\"@type\":\"WebSite\",\"@id\":\"https:\\\/\\\/ideenwald-oekosystem.de\\\/#website\",\"url\":\"https:\\\/\\\/ideenwald-oekosystem.de\\\/\",\"name\":\"IDEENWALD\",\"description\":\"Eine Welt f\u00fcr Gr\u00fcnder*innen, Zukunftsgestalter*innen und kreative K\u00f6pfe\",\"potentialAction\":[{\"@type\":\"SearchAction\",\"target\":{\"@type\":\"EntryPoint\",\"urlTemplate\":\"https:\\\/\\\/ideenwald-oekosystem.de\\\/?s={search_term_string}\"},\"query-input\":{\"@type\":\"PropertyValueSpecification\",\"valueRequired\":true,\"valueName\":\"search_term_string\"}}],\"inLanguage\":\"en-US\"}]}<\/script>\n<!-- \/ Yoast SEO plugin. -->","yoast_head_json":{"title":"Impressum - IDEENWALD","description":"Hier findet ihr das Impressum der IDEENWALD-Homepage als Teil der Rheinland-Pf\u00e4lzischen Technischen Universit\u00e4t Kaiserslautern-Landau.","robots":{"index":"index","follow":"follow","max-snippet":"max-snippet:-1","max-image-preview":"max-image-preview:large","max-video-preview":"max-video-preview:-1"},"canonical":"https:\/\/ideenwald-oekosystem.de\/en\/impressum\/","og_locale":"en_US","og_type":"article","og_title":"Impressum - IDEENWALD","og_description":"Hier findet ihr das Impressum der IDEENWALD-Homepage als Teil der Rheinland-Pf\u00e4lzischen Technischen Universit\u00e4t Kaiserslautern-Landau.","og_url":"https:\/\/ideenwald-oekosystem.de\/en\/impressum\/","og_site_name":"IDEENWALD","article_modified_time":"2023-05-17T13:47:46+00:00","twitter_card":"summary_large_image","twitter_misc":{"Est. reading time":"3 minutes"},"schema":{"@context":"https:\/\/schema.org","@graph":[{"@type":"WebPage","@id":"https:\/\/ideenwald-oekosystem.de\/impressum\/","url":"https:\/\/ideenwald-oekosystem.de\/impressum\/","name":"Impressum - IDEENWALD","isPartOf":{"@id":"https:\/\/ideenwald-oekosystem.de\/#website"},"datePublished":"2022-03-21T15:02:46+00:00","dateModified":"2023-05-17T13:47:46+00:00","description":"Hier findet ihr das Impressum der IDEENWALD-Homepage als Teil der Rheinland-Pf\u00e4lzischen Technischen Universit\u00e4t Kaiserslautern-Landau.","breadcrumb":{"@id":"https:\/\/ideenwald-oekosystem.de\/impressum\/#breadcrumb"},"inLanguage":"en-US","potentialAction":[{"@type":"ReadAction","target":["https:\/\/ideenwald-oekosystem.de\/impressum\/"]}]},{"@type":"BreadcrumbList","@id":"https:\/\/ideenwald-oekosystem.de\/impressum\/#breadcrumb","itemListElement":[{"@type":"ListItem","position":1,"name":"Startseite","item":"https:\/\/ideenwald-oekosystem.de\/"},{"@type":"ListItem","position":2,"name":"Impressum"}]},{"@type":"WebSite","@id":"https:\/\/ideenwald-oekosystem.de\/#website","url":"https:\/\/ideenwald-oekosystem.de\/","name":"IDEENWALD","description":"Eine Welt f\u00fcr Gr\u00fcnder*innen, Zukunftsgestalter*innen und kreative K\u00f6pfe","potentialAction":[{"@type":"SearchAction","target":{"@type":"EntryPoint","urlTemplate":"https:\/\/ideenwald-oekosystem.de\/?s={search_term_string}"},"query-input":{"@type":"PropertyValueSpecification","valueRequired":true,"valueName":"search_term_string"}}],"inLanguage":"en-US"}]}},"_links":{"self":[{"href":"https:\/\/ideenwald-oekosystem.de\/en\/wp-json\/wp\/v2\/pages\/255105","targetHints":{"allow":["GET"]}}],"collection":[{"href":"https:\/\/ideenwald-oekosystem.de\/en\/wp-json\/wp\/v2\/pages"}],"about":[{"href":"https:\/\/ideenwald-oekosystem.de\/en\/wp-json\/wp\/v2\/types\/page"}],"author":[{"embeddable":true,"href":"https:\/\/ideenwald-oekosystem.de\/en\/wp-json\/wp\/v2\/users\/8"}],"replies":[{"embeddable":true,"href":"https:\/\/ideenwald-oekosystem.de\/en\/wp-json\/wp\/v2\/comments?post=255105"}],"version-history":[{"count":14,"href":"https:\/\/ideenwald-oekosystem.de\/en\/wp-json\/wp\/v2\/pages\/255105\/revisions"}],"predecessor-version":[{"id":257760,"href":"https:\/\/ideenwald-oekosystem.de\/en\/wp-json\/wp\/v2\/pages\/255105\/revisions\/257760"}],"wp:attachment":[{"href":"https:\/\/ideenwald-oekosystem.de\/en\/wp-json\/wp\/v2\/media?parent=255105"}],"curies":[{"name":"wp","href":"https:\/\/api.w.org\/{rel}","templated":true}]}}