{"id":261212,"date":"2025-09-24T17:38:17","date_gmt":"2025-09-24T15:38:17","guid":{"rendered":"https:\/\/ideenwald-oekosystem.de\/?page_id=261212"},"modified":"2025-09-24T17:58:10","modified_gmt":"2025-09-24T15:58:10","slug":"gruenderinnen-steckbriefe","status":"publish","type":"page","link":"https:\/\/ideenwald-oekosystem.de\/en\/unterstuetzung\/female-edition\/gruenderinnen-steckbriefe\/","title":{"rendered":"Gr\u00fcnderinnen Steckbriefe"},"content":{"rendered":"","protected":true},"excerpt":{"rendered":"","protected":true},"author":111,"featured_media":0,"parent":258398,"menu_order":0,"comment_status":"closed","ping_status":"closed","template":"","meta":{"_et_pb_use_builder":"on","_et_pb_old_content":"","_et_gb_content_width":"","footnotes":""},"class_list":["post-261212","page","type-page","status-publish","post-password-required","hentry"],"yoast_head":"<!-- This site is optimized with the Yoast SEO plugin v27.4 - https:\/\/yoast.com\/product\/yoast-seo-wordpress\/ -->\n<title>Gr\u00fcnderinnen Steckbriefe - IDEENWALD<\/title>\n<meta name=\"robots\" content=\"index, follow, max-snippet:-1, max-image-preview:large, max-video-preview:-1\" \/>\n<link rel=\"canonical\" href=\"https:\/\/ideenwald-oekosystem.de\/en\/unterstuetzung\/female-edition\/gruenderinnen-steckbriefe\/\" \/>\n<meta property=\"og:locale\" content=\"en_US\" \/>\n<meta property=\"og:type\" content=\"article\" \/>\n<meta property=\"og:title\" content=\"Gr\u00fcnderinnen Steckbriefe - IDEENWALD\" \/>\n<meta property=\"og:description\" content=\"There is no excerpt because this is a protected post.\" \/>\n<meta property=\"og:url\" content=\"https:\/\/ideenwald-oekosystem.de\/en\/unterstuetzung\/female-edition\/gruenderinnen-steckbriefe\/\" \/>\n<meta property=\"og:site_name\" content=\"IDEENWALD\" \/>\n<meta property=\"article:modified_time\" content=\"2025-09-24T15:58:10+00:00\" \/>\n<meta name=\"twitter:card\" content=\"summary_large_image\" \/>\n<script type=\"application\/ld+json\" class=\"yoast-schema-graph\">{\"@context\":\"https:\\\/\\\/schema.org\",\"@graph\":[{\"@type\":\"WebPage\",\"@id\":\"https:\\\/\\\/ideenwald-oekosystem.de\\\/unterstuetzung\\\/female-edition\\\/gruenderinnen-steckbriefe\\\/\",\"url\":\"https:\\\/\\\/ideenwald-oekosystem.de\\\/unterstuetzung\\\/female-edition\\\/gruenderinnen-steckbriefe\\\/\",\"name\":\"Gr\u00fcnderinnen Steckbriefe - IDEENWALD\",\"isPartOf\":{\"@id\":\"https:\\\/\\\/ideenwald-oekosystem.de\\\/#website\"},\"datePublished\":\"2025-09-24T15:38:17+00:00\",\"dateModified\":\"2025-09-24T15:58:10+00:00\",\"breadcrumb\":{\"@id\":\"https:\\\/\\\/ideenwald-oekosystem.de\\\/unterstuetzung\\\/female-edition\\\/gruenderinnen-steckbriefe\\\/#breadcrumb\"},\"inLanguage\":\"en-US\"},{\"@type\":\"WebSite\",\"@id\":\"https:\\\/\\\/ideenwald-oekosystem.de\\\/#website\",\"url\":\"https:\\\/\\\/ideenwald-oekosystem.de\\\/\",\"name\":\"IDEENWALD\",\"description\":\"Eine Welt f\u00fcr Gr\u00fcnder*innen, Zukunftsgestalter*innen und kreative K\u00f6pfe\",\"potentialAction\":[{\"@type\":\"SearchAction\",\"target\":{\"@type\":\"EntryPoint\",\"urlTemplate\":\"https:\\\/\\\/ideenwald-oekosystem.de\\\/?s={search_term_string}\"},\"query-input\":{\"@type\":\"PropertyValueSpecification\",\"valueRequired\":true,\"valueName\":\"search_term_string\"}}],\"inLanguage\":\"en-US\"}]}<\/script>\n<!-- \/ Yoast SEO plugin. -->","yoast_head_json":{"title":"Gr\u00fcnderinnen Steckbriefe - IDEENWALD","robots":{"index":"index","follow":"follow","max-snippet":"max-snippet:-1","max-image-preview":"max-image-preview:large","max-video-preview":"max-video-preview:-1"},"canonical":"https:\/\/ideenwald-oekosystem.de\/en\/unterstuetzung\/female-edition\/gruenderinnen-steckbriefe\/","og_locale":"en_US","og_type":"article","og_title":"Gr\u00fcnderinnen Steckbriefe - IDEENWALD","og_description":"There is no excerpt because this is a protected post.","og_url":"https:\/\/ideenwald-oekosystem.de\/en\/unterstuetzung\/female-edition\/gruenderinnen-steckbriefe\/","og_site_name":"IDEENWALD","article_modified_time":"2025-09-24T15:58:10+00:00","twitter_card":"summary_large_image","schema":{"@context":"https:\/\/schema.org","@graph":[{"@type":"WebPage","@id":"https:\/\/ideenwald-oekosystem.de\/unterstuetzung\/female-edition\/gruenderinnen-steckbriefe\/","url":"https:\/\/ideenwald-oekosystem.de\/unterstuetzung\/female-edition\/gruenderinnen-steckbriefe\/","name":"Gr\u00fcnderinnen Steckbriefe - IDEENWALD","isPartOf":{"@id":"https:\/\/ideenwald-oekosystem.de\/#website"},"datePublished":"2025-09-24T15:38:17+00:00","dateModified":"2025-09-24T15:58:10+00:00","breadcrumb":{"@id":"https:\/\/ideenwald-oekosystem.de\/unterstuetzung\/female-edition\/gruenderinnen-steckbriefe\/#breadcrumb"},"inLanguage":"en-US"},{"@type":"WebSite","@id":"https:\/\/ideenwald-oekosystem.de\/#website","url":"https:\/\/ideenwald-oekosystem.de\/","name":"IDEENWALD","description":"Eine Welt f\u00fcr Gr\u00fcnder*innen, Zukunftsgestalter*innen und kreative K\u00f6pfe","potentialAction":[{"@type":"SearchAction","target":{"@type":"EntryPoint","urlTemplate":"https:\/\/ideenwald-oekosystem.de\/?s={search_term_string}"},"query-input":{"@type":"PropertyValueSpecification","valueRequired":true,"valueName":"search_term_string"}}],"inLanguage":"en-US"}]}},"_links":{"self":[{"href":"https:\/\/ideenwald-oekosystem.de\/en\/wp-json\/wp\/v2\/pages\/261212","targetHints":{"allow":["GET"]}}],"collection":[{"href":"https:\/\/ideenwald-oekosystem.de\/en\/wp-json\/wp\/v2\/pages"}],"about":[{"href":"https:\/\/ideenwald-oekosystem.de\/en\/wp-json\/wp\/v2\/types\/page"}],"author":[{"embeddable":true,"href":"https:\/\/ideenwald-oekosystem.de\/en\/wp-json\/wp\/v2\/users\/111"}],"replies":[{"embeddable":true,"href":"https:\/\/ideenwald-oekosystem.de\/en\/wp-json\/wp\/v2\/comments?post=261212"}],"version-history":[{"count":10,"href":"https:\/\/ideenwald-oekosystem.de\/en\/wp-json\/wp\/v2\/pages\/261212\/revisions"}],"predecessor-version":[{"id":261239,"href":"https:\/\/ideenwald-oekosystem.de\/en\/wp-json\/wp\/v2\/pages\/261212\/revisions\/261239"}],"up":[{"embeddable":true,"href":"https:\/\/ideenwald-oekosystem.de\/en\/wp-json\/wp\/v2\/pages\/258398"}],"wp:attachment":[{"href":"https:\/\/ideenwald-oekosystem.de\/en\/wp-json\/wp\/v2\/media?parent=261212"}],"curies":[{"name":"wp","href":"https:\/\/api.w.org\/{rel}","templated":true}]}}