{"id":8793,"date":"2021-08-09T14:47:17","date_gmt":"2021-08-09T12:47:17","guid":{"rendered":"https:\/\/ideenwald-oekosystem.de\/password-recovery\/"},"modified":"2021-08-09T14:47:17","modified_gmt":"2021-08-09T12:47:17","slug":"password-recovery","status":"publish","type":"page","link":"https:\/\/ideenwald-oekosystem.de\/en\/password-recovery\/","title":{"rendered":"Password Recovery"},"content":{"rendered":"<!--noptimize--><div class='rmagic'>    \n    <div class='rmcontent rm-login-wrapper'>\n                    <style type=\"text\/css\">label span.required { color: #B94A48; }span.help-inline, span.help-block { color: #888; font-size: .9em; font-style: italic; }<\/style><form action id=\"rm_recovery_form\" method=\"post\" class=\"form-horizontal\"><fieldset><input type=\"hidden\" name=\"rm_form_sub_id\" value=rm_recovery_form><input type=\"hidden\" name=\"rm_form_sub_no\" value=><div class=\"rmrow\"><div class=\"rmfield\" for=\"rm_recovery_form-element-0\"><label>Deine E-Mail<sup class=\"required\">&nbsp;*<\/sup><\/label><\/div><div class=\"rminput\"><input type=\"email\" name=\"user_email\" required class placeholder id=\"rm_recovery_form-element-0\"\/><\/div><\/div><div class=\"rmrow rm_captcha_fieldrow\"><div class=\"rminput\"><pre class=\"rm-pre-wrapper-for-script-tags\"><script type=text\/javascript>if(typeof rm_captcha_site_key === \"undefined\")rm_captcha_site_key=\"6Lcp1vIbAAAAAEx54KgqHGdxAIrYoY_3yMlCIJD2\";<\/script><\/pre><div style=\"overflow:hidden\" class=\"g-recaptcha\" data-sitekey=\"6Lcp1vIbAAAAAEx54KgqHGdxAIrYoY_3yMlCIJD2\"><\/div><\/div><\/div><div class=\"buttonarea\"><input   type=\"submit\" value=\"Passwort zur\u00fccksetzen\" name=\"submit\" id=\"rm_submit_btn\" class=\"rm_btn rm-btn rm-btn-primary button button-primary\"\/><\/div><\/fieldset><\/form><pre class=\"rm-pre-wrapper-for-script-tags\"><script type=\"text\/javascript\">jQuery(document).ready(function() {\t\tjQuery(\"#rm_recovery_form\").bind(\"submit\", function(){\n                        \/\/jQuery(this).find(\"input[name=rm_slug]\").attr(\"value\",jQuery(this).find(\"input[name=submit]\").attr(\"value\"));\n\t\t\tjQuery(this).find(\"input[type=submit]\").attr(\"disabled\", \"disabled\"); \n\t\t});}); <\/script><\/pre>        <noscript>\n            <div class=\"rm-js-disabled\"><b>Note: It looks like JavaScript is disabled in your browser. Some elements of this form may require JavaScript to work properly. If you have trouble submitting the form, try enabling JavaScript momentarily and resubmit. JavaScript settings are usually found in Browser Settings or Browser Developer menu.<\/b><\/div>\n            <style>\n                .rm_next_btn {display:none !important}\n                .rm_noscript_btn {display: block !important}\n            <\/style>\n        <\/noscript>\n                <\/div>\n<\/div><!--\/noptimize-->\n","protected":false},"excerpt":{"rendered":"","protected":false},"author":8,"featured_media":0,"parent":0,"menu_order":0,"comment_status":"closed","ping_status":"closed","template":"","meta":{"_et_pb_use_builder":"","_et_pb_old_content":"","_et_gb_content_width":"","footnotes":""},"class_list":["post-8793","page","type-page","status-publish","hentry"],"yoast_head":"<!-- This site is optimized with the Yoast SEO plugin v27.3 - https:\/\/yoast.com\/product\/yoast-seo-wordpress\/ -->\n<title>Password Recovery - IDEENWALD<\/title>\n<meta name=\"robots\" content=\"index, follow, max-snippet:-1, max-image-preview:large, max-video-preview:-1\" \/>\n<link rel=\"canonical\" href=\"https:\/\/ideenwald-oekosystem.de\/en\/password-recovery\/\" \/>\n<meta property=\"og:locale\" content=\"en_US\" \/>\n<meta property=\"og:type\" content=\"article\" \/>\n<meta property=\"og:title\" content=\"Password Recovery - IDEENWALD\" \/>\n<meta property=\"og:url\" content=\"https:\/\/ideenwald-oekosystem.de\/en\/password-recovery\/\" \/>\n<meta property=\"og:site_name\" content=\"IDEENWALD\" \/>\n<meta name=\"twitter:card\" content=\"summary_large_image\" \/>\n<script type=\"application\/ld+json\" class=\"yoast-schema-graph\">{\"@context\":\"https:\\\/\\\/schema.org\",\"@graph\":[{\"@type\":\"WebPage\",\"@id\":\"https:\\\/\\\/ideenwald-oekosystem.de\\\/password-recovery\\\/\",\"url\":\"https:\\\/\\\/ideenwald-oekosystem.de\\\/password-recovery\\\/\",\"name\":\"Password Recovery - IDEENWALD\",\"isPartOf\":{\"@id\":\"https:\\\/\\\/ideenwald-oekosystem.de\\\/#website\"},\"datePublished\":\"2021-08-09T12:47:17+00:00\",\"breadcrumb\":{\"@id\":\"https:\\\/\\\/ideenwald-oekosystem.de\\\/password-recovery\\\/#breadcrumb\"},\"inLanguage\":\"en-US\",\"potentialAction\":[{\"@type\":\"ReadAction\",\"target\":[\"https:\\\/\\\/ideenwald-oekosystem.de\\\/password-recovery\\\/\"]}]},{\"@type\":\"BreadcrumbList\",\"@id\":\"https:\\\/\\\/ideenwald-oekosystem.de\\\/password-recovery\\\/#breadcrumb\",\"itemListElement\":[{\"@type\":\"ListItem\",\"position\":1,\"name\":\"Startseite\",\"item\":\"https:\\\/\\\/ideenwald-oekosystem.de\\\/\"},{\"@type\":\"ListItem\",\"position\":2,\"name\":\"Password Recovery\"}]},{\"@type\":\"WebSite\",\"@id\":\"https:\\\/\\\/ideenwald-oekosystem.de\\\/#website\",\"url\":\"https:\\\/\\\/ideenwald-oekosystem.de\\\/\",\"name\":\"IDEENWALD\",\"description\":\"Eine Welt f\u00fcr Gr\u00fcnder*innen, Zukunftsgestalter*innen und kreative K\u00f6pfe\",\"potentialAction\":[{\"@type\":\"SearchAction\",\"target\":{\"@type\":\"EntryPoint\",\"urlTemplate\":\"https:\\\/\\\/ideenwald-oekosystem.de\\\/?s={search_term_string}\"},\"query-input\":{\"@type\":\"PropertyValueSpecification\",\"valueRequired\":true,\"valueName\":\"search_term_string\"}}],\"inLanguage\":\"en-US\"}]}<\/script>\n<!-- \/ Yoast SEO plugin. -->","yoast_head_json":{"title":"Password Recovery - IDEENWALD","robots":{"index":"index","follow":"follow","max-snippet":"max-snippet:-1","max-image-preview":"max-image-preview:large","max-video-preview":"max-video-preview:-1"},"canonical":"https:\/\/ideenwald-oekosystem.de\/en\/password-recovery\/","og_locale":"en_US","og_type":"article","og_title":"Password Recovery - IDEENWALD","og_url":"https:\/\/ideenwald-oekosystem.de\/en\/password-recovery\/","og_site_name":"IDEENWALD","twitter_card":"summary_large_image","schema":{"@context":"https:\/\/schema.org","@graph":[{"@type":"WebPage","@id":"https:\/\/ideenwald-oekosystem.de\/password-recovery\/","url":"https:\/\/ideenwald-oekosystem.de\/password-recovery\/","name":"Password Recovery - IDEENWALD","isPartOf":{"@id":"https:\/\/ideenwald-oekosystem.de\/#website"},"datePublished":"2021-08-09T12:47:17+00:00","breadcrumb":{"@id":"https:\/\/ideenwald-oekosystem.de\/password-recovery\/#breadcrumb"},"inLanguage":"en-US","potentialAction":[{"@type":"ReadAction","target":["https:\/\/ideenwald-oekosystem.de\/password-recovery\/"]}]},{"@type":"BreadcrumbList","@id":"https:\/\/ideenwald-oekosystem.de\/password-recovery\/#breadcrumb","itemListElement":[{"@type":"ListItem","position":1,"name":"Startseite","item":"https:\/\/ideenwald-oekosystem.de\/"},{"@type":"ListItem","position":2,"name":"Password Recovery"}]},{"@type":"WebSite","@id":"https:\/\/ideenwald-oekosystem.de\/#website","url":"https:\/\/ideenwald-oekosystem.de\/","name":"IDEENWALD","description":"Eine Welt f\u00fcr Gr\u00fcnder*innen, Zukunftsgestalter*innen und kreative K\u00f6pfe","potentialAction":[{"@type":"SearchAction","target":{"@type":"EntryPoint","urlTemplate":"https:\/\/ideenwald-oekosystem.de\/?s={search_term_string}"},"query-input":{"@type":"PropertyValueSpecification","valueRequired":true,"valueName":"search_term_string"}}],"inLanguage":"en-US"}]}},"_links":{"self":[{"href":"https:\/\/ideenwald-oekosystem.de\/en\/wp-json\/wp\/v2\/pages\/8793","targetHints":{"allow":["GET"]}}],"collection":[{"href":"https:\/\/ideenwald-oekosystem.de\/en\/wp-json\/wp\/v2\/pages"}],"about":[{"href":"https:\/\/ideenwald-oekosystem.de\/en\/wp-json\/wp\/v2\/types\/page"}],"author":[{"embeddable":true,"href":"https:\/\/ideenwald-oekosystem.de\/en\/wp-json\/wp\/v2\/users\/8"}],"replies":[{"embeddable":true,"href":"https:\/\/ideenwald-oekosystem.de\/en\/wp-json\/wp\/v2\/comments?post=8793"}],"version-history":[{"count":0,"href":"https:\/\/ideenwald-oekosystem.de\/en\/wp-json\/wp\/v2\/pages\/8793\/revisions"}],"wp:attachment":[{"href":"https:\/\/ideenwald-oekosystem.de\/en\/wp-json\/wp\/v2\/media?parent=8793"}],"curies":[{"name":"wp","href":"https:\/\/api.w.org\/{rel}","templated":true}]}}