{"id":8803,"date":"2021-08-09T16:42:32","date_gmt":"2021-08-09T14:42:32","guid":{"rendered":"https:\/\/ideenwald-oekosystem.de\/login\/"},"modified":"2024-03-22T10:45:49","modified_gmt":"2024-03-22T09:45:49","slug":"login","status":"publish","type":"page","link":"https:\/\/ideenwald-oekosystem.de\/en\/login\/","title":{"rendered":"Login"},"content":{"rendered":"<p>[et_pb_section admin_label=&#8220;section&#8220;]<br \/>\n\t\t\t[et_pb_row admin_label=&#8220;row&#8220;]<br \/>\n\t\t\t\t[et_pb_column type=&#8220;4_4&#8243;][et_pb_text admin_label=&#8220;Text&#8220;]<!--noptimize--><style>#rm_login_form_1 ::-webkit-input-placeholder {color:#bcbcbc;} #rm_login_form_1 ::-moz-placeholder {color:#bcbcbc;} #rm_login_form_1 ::-ms-input-placeholder {color:#bcbcbc;}<\/style><style>#rm_login_form_1 .rmrow .rmfield label { color: rgb(0, 0, 0); }<\/style><style>#rm_login_form_1 .rmrow .rminput input[type=text]:focus, #rm_login_form_1 .rmrow .rminput input[type=password]:focus { color: #000000 !important; }<\/style><style>#rm_login_form_1 .buttonarea input[type=submit]:hover { background-color: #368cc1 !important; }<\/style>        <div class='rmagic'>    \r\n            <div class='rmcontent rm-login-wrapper'>\r\n                                    <div class=\"rm-thirdp-login-button-wrap\">\r\n                                        <\/div>\r\n                    <style type=\"text\/css\">label span.required { color: #B94A48; }span.help-inline, span.help-block { color: #888; font-size: .9em; font-style: italic; }<\/style><form action id=\"rm_login_form_1\" method=\"post\" style class=\"form-horizontal\"><fieldset><input type=\"hidden\" name=\"rm_form_sub_id\" value=rm_login_form_1><input type=\"hidden\" name=\"rm_form_sub_no\" value=><input type=\"hidden\" name=\"rm_slug\" value=\"rm_login_form\" id=\"rm_login_form_1-element-0\"\/><div class=\"rmrow\"><div class=\"rmfield\" for=\"rm_login_form_1-element-1\"><label>Benutzername<sup class=\"required\">&nbsp;*<\/sup><\/label><\/div><div class=\"rminput\"><input type=\"text\" name=\"username\" required class minlength=\"0\" maxlength placeholder=\"Benutzername\" style=\"color: rgb(0, 0, 0); border-width: 1px; border-radius: 1px; border-style: solid; border-color: rgb(188, 188, 188);\" id=\"rm_login_form_1-element-1\"\/><\/div><\/div><div class=\"rmrow\"><div class=\"rmfield\" for=\"rm_login_form_1-element-2\"><label>Passwort<sup class=\"required\">&nbsp;*<\/sup><\/label><\/div><div class=\"rminput\"><input type=\"password\" name=\"pwd\" required class=\"test rm_login_pwd_field\" minlength=\"0\" maxlength placeholder=\"Passwort eingeben\" style=\"color: rgb(0, 0, 0); border-width: 1px; border-radius: 1px; border-style: solid; border-color: rgb(188, 188, 188);\" id=\"rm_login_form_1-element-2\"\/><\/div><\/div><div class=\"rmrow\"><div class=\"rmfield\" for=\"rm_login_form-element-3\"><\/div><div class=\"rminput\"><ul class=\"rmradio\"><li class=\"rm-login-remember\"> <input id=\"rm_login_form-element-3-0\" type=\"checkbox\" name=\"remember[]\" value=\"1\"><label for=\"rm_login_form-element-3-0\"><span>Remember Me<\/span><\/label> <\/li> <\/ul><\/div><\/div><div class=\"buttonarea\"><input   type=\"submit\" value=\"Anmelden\" name=\"submit\" id=\"rm_submit_btn\" class=\"rm_btn rm_login_btn rm-btn rm-btn-primary button button-primary\" style=\"background-color: rgb(255, 217, 38); color: rgb(0, 0, 0); border-radius: 30px; border-style: none;\"\/><\/div><div class=\"rm_forgot_pass\"><a href=\"https:\/\/ideenwald-oekosystem.de\/en\/password-recovery\/\" target=\"blank\">Passwort vergessen?<\/a><\/div><\/fieldset><\/form><pre class=\"rm-pre-wrapper-for-script-tags\"><script type=\"text\/javascript\">jQuery(document).ready(function() {\t\tjQuery(\"#rm_login_form_1\").bind(\"submit\", function(){\n                        \/\/jQuery(this).find(\"input[name=rm_slug]\").attr(\"value\",jQuery(this).find(\"input[name=submit]\").attr(\"value\"));\n\t\t\tjQuery(this).find(\"input[type=submit]\").attr(\"disabled\", \"disabled\"); \n\t\t});}); <\/script><\/pre>        <noscript>\n            <div class=\"rm-js-disabled\"><b>Note: It looks like JavaScript is disabled in your browser. Some elements of this form may require JavaScript to work properly. If you have trouble submitting the form, try enabling JavaScript momentarily and resubmit. JavaScript settings are usually found in Browser Settings or Browser Developer menu.<\/b><\/div>\n            <style>\n                .rm_next_btn {display:none !important}\n                .rm_noscript_btn {display: block !important}\n            <\/style>\n        <\/noscript>\n    \r\n                            <\/div>\r\n        <\/div> \r\n\r\n    \r\n\r\n\r\n\r\n<!--\/noptimize-->[\/et_pb_text][\/et_pb_column]<br \/>\n\t\t\t[\/et_pb_row]<br \/>\n\t\t[\/et_pb_section]<\/p>\n","protected":false},"excerpt":{"rendered":"<!--noptimize--><style>#rm_login_form_2 ::-webkit-input-placeholder {color:#bcbcbc;} #rm_login_form_2 ::-moz-placeholder {color:#bcbcbc;} #rm_login_form_2 ::-ms-input-placeholder {color:#bcbcbc;}<\/style><style>#rm_login_form_2 .rmrow .rmfield label { color: rgb(0, 0, 0); }<\/style><style>#rm_login_form_2 .rmrow .rminput input[type=text]:focus, #rm_login_form_2 .rmrow .rminput input[type=password]:focus { color: #000000 !important; }<\/style><style>#rm_login_form_2 .buttonarea input[type=submit]:hover { background-color: #368cc1 !important; }<\/style>        <div class='rmagic'>    \r\n            <div class='rmcontent rm-login-wrapper'>\r\n                                    <div class=\"rm-thirdp-login-button-wrap\">\r\n                                        <\/div>\r\n                    <style type=\"text\/css\">label span.required { color: #B94A48; }span.help-inline, span.help-block { color: #888; font-size: .9em; font-style: italic; }<\/style><form action id=\"rm_login_form_2\" method=\"post\" style class=\"form-horizontal\"><fieldset><input type=\"hidden\" name=\"rm_form_sub_id\" value=rm_login_form_2><input type=\"hidden\" name=\"rm_form_sub_no\" value=><input type=\"hidden\" name=\"rm_slug\" value=\"rm_login_form\" id=\"rm_login_form_2-element-0\"\/><div class=\"rmrow\"><div class=\"rmfield\" for=\"rm_login_form_2-element-1\"><label>Benutzername<sup class=\"required\">&nbsp;*<\/sup><\/label><\/div><div class=\"rminput\"><input type=\"text\" name=\"username\" required class minlength=\"0\" maxlength placeholder=\"Benutzername\" style=\"color: rgb(0, 0, 0); border-width: 1px; border-radius: 1px; border-style: solid; border-color: rgb(188, 188, 188);\" id=\"rm_login_form_2-element-1\"\/><\/div><\/div><div class=\"rmrow\"><div class=\"rmfield\" for=\"rm_login_form_2-element-2\"><label>Passwort<sup class=\"required\">&nbsp;*<\/sup><\/label><\/div><div class=\"rminput\"><input type=\"password\" name=\"pwd\" required class=\"test rm_login_pwd_field\" minlength=\"0\" maxlength placeholder=\"Passwort eingeben\" style=\"color: rgb(0, 0, 0); border-width: 1px; border-radius: 1px; border-style: solid; border-color: rgb(188, 188, 188);\" id=\"rm_login_form_2-element-2\"\/><\/div><\/div><div class=\"rmrow\"><div class=\"rmfield\" for=\"rm_login_form-element-3\"><\/div><div class=\"rminput\"><ul class=\"rmradio\"><li class=\"rm-login-remember\"> <input id=\"rm_login_form-element-3-0\" type=\"checkbox\" name=\"remember[]\" value=\"1\"><label for=\"rm_login_form-element-3-0\"><span>Remember Me<\/span><\/label> <\/li> <\/ul><\/div><\/div><div class=\"buttonarea\"><input   type=\"submit\" value=\"Anmelden\" name=\"submit\" id=\"rm_submit_btn\" class=\"rm_btn rm_login_btn rm-btn rm-btn-primary button button-primary\" style=\"background-color: rgb(255, 217, 38); color: rgb(0, 0, 0); border-radius: 30px; border-style: none;\"\/><\/div><div class=\"rm_forgot_pass\"><a href=\"https:\/\/ideenwald-oekosystem.de\/en\/password-recovery\/\" target=\"blank\">Passwort vergessen?<\/a><\/div><\/fieldset><\/form><pre class=\"rm-pre-wrapper-for-script-tags\"><script type=\"text\/javascript\">jQuery(document).ready(function() {\t\tjQuery(\"#rm_login_form_2\").bind(\"submit\", function(){\n                        \/\/jQuery(this).find(\"input[name=rm_slug]\").attr(\"value\",jQuery(this).find(\"input[name=submit]\").attr(\"value\"));\n\t\t\tjQuery(this).find(\"input[type=submit]\").attr(\"disabled\", \"disabled\"); \n\t\t});}); <\/script><\/pre>        <noscript>\n            <div class=\"rm-js-disabled\"><b>Note: It looks like JavaScript is disabled in your browser. Some elements of this form may require JavaScript to work properly. If you have trouble submitting the form, try enabling JavaScript momentarily and resubmit. JavaScript settings are usually found in Browser Settings or Browser Developer menu.<\/b><\/div>\n            <style>\n                .rm_next_btn {display:none !important}\n                .rm_noscript_btn {display: block !important}\n            <\/style>\n        <\/noscript>\n    \r\n                            <\/div>\r\n        <\/div> \r\n\r\n    \r\n\r\n\r\n\r\n<!--\/noptimize-->\n","protected":false},"author":8,"featured_media":0,"parent":0,"menu_order":0,"comment_status":"closed","ping_status":"closed","template":"","meta":{"_et_pb_use_builder":"on","_et_pb_old_content":"[RM_Login]","_et_gb_content_width":"","footnotes":""},"class_list":["post-8803","page","type-page","status-publish","hentry"],"yoast_head":"<!-- This site is optimized with the Yoast SEO plugin v27.4 - https:\/\/yoast.com\/product\/yoast-seo-wordpress\/ -->\n<title>Login - IDEENWALD<\/title>\n<meta name=\"robots\" content=\"index, follow, max-snippet:-1, max-image-preview:large, max-video-preview:-1\" \/>\n<link rel=\"canonical\" href=\"https:\/\/ideenwald-oekosystem.de\/en\/login\/\" \/>\n<meta property=\"og:locale\" content=\"en_US\" \/>\n<meta property=\"og:type\" content=\"article\" \/>\n<meta property=\"og:title\" content=\"Login - IDEENWALD\" \/>\n<meta property=\"og:url\" content=\"https:\/\/ideenwald-oekosystem.de\/en\/login\/\" \/>\n<meta property=\"og:site_name\" content=\"IDEENWALD\" \/>\n<meta property=\"article:modified_time\" content=\"2024-03-22T09:45:49+00:00\" \/>\n<meta name=\"twitter:card\" content=\"summary_large_image\" \/>\n<meta name=\"twitter:description\" content=\"[RM_Login]\" \/>\n<meta name=\"twitter:label1\" content=\"Est. reading time\" \/>\n\t<meta name=\"twitter:data1\" content=\"1 minute\" \/>\n<script type=\"application\/ld+json\" class=\"yoast-schema-graph\">{\"@context\":\"https:\\\/\\\/schema.org\",\"@graph\":[{\"@type\":\"WebPage\",\"@id\":\"https:\\\/\\\/ideenwald-oekosystem.de\\\/login\\\/\",\"url\":\"https:\\\/\\\/ideenwald-oekosystem.de\\\/login\\\/\",\"name\":\"Login - IDEENWALD\",\"isPartOf\":{\"@id\":\"https:\\\/\\\/ideenwald-oekosystem.de\\\/#website\"},\"datePublished\":\"2021-08-09T14:42:32+00:00\",\"dateModified\":\"2024-03-22T09:45:49+00:00\",\"breadcrumb\":{\"@id\":\"https:\\\/\\\/ideenwald-oekosystem.de\\\/login\\\/#breadcrumb\"},\"inLanguage\":\"en-US\",\"potentialAction\":[{\"@type\":\"ReadAction\",\"target\":[\"https:\\\/\\\/ideenwald-oekosystem.de\\\/login\\\/\"]}]},{\"@type\":\"BreadcrumbList\",\"@id\":\"https:\\\/\\\/ideenwald-oekosystem.de\\\/login\\\/#breadcrumb\",\"itemListElement\":[{\"@type\":\"ListItem\",\"position\":1,\"name\":\"Startseite\",\"item\":\"https:\\\/\\\/ideenwald-oekosystem.de\\\/\"},{\"@type\":\"ListItem\",\"position\":2,\"name\":\"Login\"}]},{\"@type\":\"WebSite\",\"@id\":\"https:\\\/\\\/ideenwald-oekosystem.de\\\/#website\",\"url\":\"https:\\\/\\\/ideenwald-oekosystem.de\\\/\",\"name\":\"IDEENWALD\",\"description\":\"Eine Welt f\u00fcr Gr\u00fcnder*innen, Zukunftsgestalter*innen und kreative K\u00f6pfe\",\"potentialAction\":[{\"@type\":\"SearchAction\",\"target\":{\"@type\":\"EntryPoint\",\"urlTemplate\":\"https:\\\/\\\/ideenwald-oekosystem.de\\\/?s={search_term_string}\"},\"query-input\":{\"@type\":\"PropertyValueSpecification\",\"valueRequired\":true,\"valueName\":\"search_term_string\"}}],\"inLanguage\":\"en-US\"}]}<\/script>\n<!-- \/ Yoast SEO plugin. -->","yoast_head_json":{"title":"Login - IDEENWALD","robots":{"index":"index","follow":"follow","max-snippet":"max-snippet:-1","max-image-preview":"max-image-preview:large","max-video-preview":"max-video-preview:-1"},"canonical":"https:\/\/ideenwald-oekosystem.de\/en\/login\/","og_locale":"en_US","og_type":"article","og_title":"Login - IDEENWALD","og_url":"https:\/\/ideenwald-oekosystem.de\/en\/login\/","og_site_name":"IDEENWALD","article_modified_time":"2024-03-22T09:45:49+00:00","twitter_card":"summary_large_image","twitter_description":"[RM_Login]","twitter_misc":{"Est. reading time":"1 minute"},"schema":{"@context":"https:\/\/schema.org","@graph":[{"@type":"WebPage","@id":"https:\/\/ideenwald-oekosystem.de\/login\/","url":"https:\/\/ideenwald-oekosystem.de\/login\/","name":"Login - IDEENWALD","isPartOf":{"@id":"https:\/\/ideenwald-oekosystem.de\/#website"},"datePublished":"2021-08-09T14:42:32+00:00","dateModified":"2024-03-22T09:45:49+00:00","breadcrumb":{"@id":"https:\/\/ideenwald-oekosystem.de\/login\/#breadcrumb"},"inLanguage":"en-US","potentialAction":[{"@type":"ReadAction","target":["https:\/\/ideenwald-oekosystem.de\/login\/"]}]},{"@type":"BreadcrumbList","@id":"https:\/\/ideenwald-oekosystem.de\/login\/#breadcrumb","itemListElement":[{"@type":"ListItem","position":1,"name":"Startseite","item":"https:\/\/ideenwald-oekosystem.de\/"},{"@type":"ListItem","position":2,"name":"Login"}]},{"@type":"WebSite","@id":"https:\/\/ideenwald-oekosystem.de\/#website","url":"https:\/\/ideenwald-oekosystem.de\/","name":"IDEENWALD","description":"Eine Welt f\u00fcr Gr\u00fcnder*innen, Zukunftsgestalter*innen und kreative K\u00f6pfe","potentialAction":[{"@type":"SearchAction","target":{"@type":"EntryPoint","urlTemplate":"https:\/\/ideenwald-oekosystem.de\/?s={search_term_string}"},"query-input":{"@type":"PropertyValueSpecification","valueRequired":true,"valueName":"search_term_string"}}],"inLanguage":"en-US"}]}},"_links":{"self":[{"href":"https:\/\/ideenwald-oekosystem.de\/en\/wp-json\/wp\/v2\/pages\/8803","targetHints":{"allow":["GET"]}}],"collection":[{"href":"https:\/\/ideenwald-oekosystem.de\/en\/wp-json\/wp\/v2\/pages"}],"about":[{"href":"https:\/\/ideenwald-oekosystem.de\/en\/wp-json\/wp\/v2\/types\/page"}],"author":[{"embeddable":true,"href":"https:\/\/ideenwald-oekosystem.de\/en\/wp-json\/wp\/v2\/users\/8"}],"replies":[{"embeddable":true,"href":"https:\/\/ideenwald-oekosystem.de\/en\/wp-json\/wp\/v2\/comments?post=8803"}],"version-history":[{"count":4,"href":"https:\/\/ideenwald-oekosystem.de\/en\/wp-json\/wp\/v2\/pages\/8803\/revisions"}],"predecessor-version":[{"id":259589,"href":"https:\/\/ideenwald-oekosystem.de\/en\/wp-json\/wp\/v2\/pages\/8803\/revisions\/259589"}],"wp:attachment":[{"href":"https:\/\/ideenwald-oekosystem.de\/en\/wp-json\/wp\/v2\/media?parent=8803"}],"curies":[{"name":"wp","href":"https:\/\/api.w.org\/{rel}","templated":true}]}}